{"id":28425,"date":"2017-07-31T13:12:17","date_gmt":"2017-07-31T13:12:17","guid":{"rendered":"https:\/\/www.ivh6.si\/Ponudbe\/tattoo\/izdelek\/critical-atom-x-power-supply\/"},"modified":"2025-07-08T08:16:28","modified_gmt":"2025-07-08T08:16:28","slug":"critical-atom-x-power-supply","status":"publish","type":"product","link":"https:\/\/www.carantaniatattoo.com\/it\/trgovina\/napajalniki-stopalke-in-kabli\/napajalniki-za-tattoo-strojcke\/atomo-critico-x-alimentatore\/","title":{"rendered":"ATOMO CRITICO X"},"content":{"rendered":"<h3><strong>CRITICA Atom X<\/strong><\/h3>\n<p>Dati tecnici CRITICA Atom X:<\/p>\n<p>Il nuovo ATOM X combina tutti i tipi di funzioni utili in una. Le luci LED cambiano colore a seconda della tensione, mentre la tensione viene visualizzata (rispetto al precedente modello ATOM) su un display luminoso. La sua base \u00e8 magnetica, quindi puoi posizionarla contro vari oggetti magnetici. \u00c8 adatto a tutte le macchinette per tatuaggi a bobina e rotative, \u00e8 abilitato un avvio rapido, che pu\u00f2 essere azionato con il pulsante sull&#039;adattatore o tramite il pedale. Controllo completo con microprocessore digitale<\/p>\n<p>Corrente di uscita di picco 6 A, corrente continua RMS 3 A<br \/>\nPulsante interruttore a pedale (non \u00e8 necessario l&#039;interruttore a pedale quando si avvia la modalit\u00e0 continua)<br \/>\nVoltaggio regolato con precisione 0-17 V CC<br \/>\nProtezione da cortocircuito integrata<br \/>\n1 risoluzione di ingresso<br \/>\n2 impostazioni di tensione<br \/>\nIngresso universale 110-240vac 50\/60hz<br \/>\nAccetta dimensioni standard di cavi e pedali<br \/>\n2 anni di garanzia<\/p>\n<h5>Prodotto in ZD<em>Ah!<\/em><\/h5>","protected":false},"excerpt":{"rendered":"<h3><strong>CRITICA Atom X<\/strong><\/h3>\n<p>Novi ATOM X zdru\u017euje vse vrste uporabnih funkcij v enem. LED lu\u010di spremenijo barvo glede na napetost, medtem ko je napetost prikazana (v primerjavi s prej\u0161njim modelom ATOM) na svetlem zaslonu. Njegovo dno je magnetno zato ga lahko prislonite na razne magnetne predmete. Primeren je za vse coil in rotacijske tattoo stroj\u010dke, omogo\u010den je hitri zagon, ki ga lahko upravljate s tipko na adapterju ali preko stopalke. Popolni nadzor z digitalnim mikroprocesorjem<br \/>\n2 anni di garanzia<br \/>\nIzdelani v ZDA!<\/p>","protected":false},"featured_media":35420,"template":"","meta":{"_seopress_robots_primary_cat":"none","_seopress_titles_title":"","_seopress_titles_desc":"","_seopress_robots_index":""},"product_brand":[],"product_cat":[217,208],"product_tag":[],"class_list":{"0":"post-28425","1":"product","2":"type-product","3":"status-publish","4":"has-post-thumbnail","6":"product_cat-napajalniki-za-tattoo-strojcke","7":"product_cat-napajalniki-stopalke-in-kabli","8":"entry","9":"has-media","11":"first","12":"instock","13":"sale","14":"taxable","15":"shipping-taxable","16":"purchasable","17":"product-type-simple"},"_links":{"self":[{"href":"https:\/\/www.carantaniatattoo.com\/it\/wp-json\/wp\/v2\/product\/28425","targetHints":{"allow":["GET"]}}],"collection":[{"href":"https:\/\/www.carantaniatattoo.com\/it\/wp-json\/wp\/v2\/product"}],"about":[{"href":"https:\/\/www.carantaniatattoo.com\/it\/wp-json\/wp\/v2\/types\/product"}],"version-history":[{"count":0,"href":"https:\/\/www.carantaniatattoo.com\/it\/wp-json\/wp\/v2\/product\/28425\/revisions"}],"wp:featuredmedia":[{"embeddable":true,"href":"https:\/\/www.carantaniatattoo.com\/it\/wp-json\/wp\/v2\/media\/35420"}],"wp:attachment":[{"href":"https:\/\/www.carantaniatattoo.com\/it\/wp-json\/wp\/v2\/media?parent=28425"}],"wp:term":[{"taxonomy":"product_brand","embeddable":true,"href":"https:\/\/www.carantaniatattoo.com\/it\/wp-json\/wp\/v2\/product_brand?post=28425"},{"taxonomy":"product_cat","embeddable":true,"href":"https:\/\/www.carantaniatattoo.com\/it\/wp-json\/wp\/v2\/product_cat?post=28425"},{"taxonomy":"product_tag","embeddable":true,"href":"https:\/\/www.carantaniatattoo.com\/it\/wp-json\/wp\/v2\/product_tag?post=28425"}],"curies":[{"name":"wp","href":"https:\/\/api.w.org\/{rel}","templated":true}]}}