{"id":28462,"date":"2017-08-01T08:39:14","date_gmt":"2017-08-01T08:39:14","guid":{"rendered":"https:\/\/www.ivh6.si\/Ponudbe\/tattoo\/izdelek\/easytattoo-protective-tattoo-film-2\/"},"modified":"2025-09-25T12:05:11","modified_gmt":"2025-09-25T12:05:11","slug":"easytattoo-protective-tattoo-film-2","status":"publish","type":"product","link":"https:\/\/www.carantaniatattoo.com\/it\/trgovina\/nega-koze-po-tetoviranju\/folije-in-oblizi\/easytattoo-pellicola-protettiva-per-tatuaggi-2\/","title":{"rendered":"Pellicola protettiva per tatuaggi EASYTATTOO\u00ae"},"content":{"rendered":"<h4>Pellicola protettiva per tatuaggi Easytattoo\u00ae<\/h4>\n<p>Easytattoo \u00ae Protective Tattoo Film \u00e8 come una seconda pelle, una pellicola protettiva in poliuretano, ipoallergenica, impermeabile e utilizzabile dopo il tatuaggio. Si usa su tutte le parti del corpo, \u00e8 trasparente e molto elastico, \u00e8 facile e veloce da usare.<\/p>\n<p>Easytattoo Protect garantisce comfort quotidiano nei primi giorni dopo il tatuaggio, riduce l&#039;attrito e i rischi di infezione. Permette alla pelle di respirare e protegge in un ambiente umido. Utilizzando Easytattoo \u00ae Protective Tattoo Film, sarai senza preoccupazioni per le prime 24 ore dopo il tatuaggio.<br \/>\nQualit\u00e0 garantita: prodotto in laboratorio secondo la norma EN ISO 13485.<\/p>\n<p>Disponibile come rotolo STERILE di dimensioni 15 cm x 10 m o come fogli STERILI di dimensioni 15 cm x 10 cm - 10 fogli in una confezione.<\/p>\n<p>Prodotto da MBA, Francia<\/p>","protected":false},"excerpt":{"rendered":"<h4>Pellicola protettiva per tatuaggi Easytattoo\u00ae<\/h4>\n<p>Poliuretanska za\u0161\u010ditna folija, ki je hipoalergenska, nepremo\u010dljiva in se uporablja po tetoviranju.<br \/>\nDisponibile come rotolo STERILE di dimensioni 15 cm x 10 m o come fogli STERILI di dimensioni 15 cm x 10 cm - 10 fogli in una confezione.<\/p>\n<p>Izdelano v Franciji<\/p>","protected":false},"featured_media":32085,"template":"","meta":{"_seopress_robots_primary_cat":"none","_seopress_titles_title":"","_seopress_titles_desc":"","_seopress_robots_index":""},"product_brand":[],"product_cat":[244,245,206,233],"product_tag":[],"class_list":{"0":"post-28462","1":"product","2":"type-product","3":"status-publish","4":"has-post-thumbnail","6":"product_cat-folije-in-oblizi","7":"product_cat-folije-za-zascito-tetovirane-koze","8":"product_cat-higiena","9":"product_cat-nega-koze-po-tetoviranju","10":"entry","11":"has-media","13":"first","14":"instock","15":"sale","16":"taxable","17":"shipping-taxable","18":"purchasable","19":"product-type-variable"},"_links":{"self":[{"href":"https:\/\/www.carantaniatattoo.com\/it\/wp-json\/wp\/v2\/product\/28462","targetHints":{"allow":["GET"]}}],"collection":[{"href":"https:\/\/www.carantaniatattoo.com\/it\/wp-json\/wp\/v2\/product"}],"about":[{"href":"https:\/\/www.carantaniatattoo.com\/it\/wp-json\/wp\/v2\/types\/product"}],"version-history":[{"count":0,"href":"https:\/\/www.carantaniatattoo.com\/it\/wp-json\/wp\/v2\/product\/28462\/revisions"}],"wp:featuredmedia":[{"embeddable":true,"href":"https:\/\/www.carantaniatattoo.com\/it\/wp-json\/wp\/v2\/media\/32085"}],"wp:attachment":[{"href":"https:\/\/www.carantaniatattoo.com\/it\/wp-json\/wp\/v2\/media?parent=28462"}],"wp:term":[{"taxonomy":"product_brand","embeddable":true,"href":"https:\/\/www.carantaniatattoo.com\/it\/wp-json\/wp\/v2\/product_brand?post=28462"},{"taxonomy":"product_cat","embeddable":true,"href":"https:\/\/www.carantaniatattoo.com\/it\/wp-json\/wp\/v2\/product_cat?post=28462"},{"taxonomy":"product_tag","embeddable":true,"href":"https:\/\/www.carantaniatattoo.com\/it\/wp-json\/wp\/v2\/product_tag?post=28462"}],"curies":[{"name":"wp","href":"https:\/\/api.w.org\/{rel}","templated":true}]}}