{"id":28961,"date":"2017-08-09T08:16:28","date_gmt":"2017-08-09T08:16:28","guid":{"rendered":"https:\/\/www.ivh6.si\/Ponudbe\/tattoo\/izdelek\/suprasorb-folija-2\/"},"modified":"2025-10-07T09:18:55","modified_gmt":"2025-10-07T09:18:55","slug":"suprasorb-folija-2","status":"publish","type":"product","link":"https:\/\/www.carantaniatattoo.com\/it\/trgovina\/nega-koze-po-tetoviranju\/folije-in-oblizi\/foglio-di-suprasorb-2\/","title":{"rendered":"Lamina SUPRASORB"},"content":{"rendered":"<p>La pellicola SUPRASORB fornisce una protezione trasparente per il tuo tatuaggio. Il film in poliuretano \u00e8 traspirante e flessibile, accelera la guarigione delle ferite attraverso lo scambio di gas e calore. Suprasorb F respinge i liquidi e protegge le ferite da agenti esterni e batteri. La trasparenza consente una pi\u00f9 facile ispezione della ferita. Suprasorb F \u00e8 flessibile, elastico, resistente allo strappo e molto facile da usare. Suprasorb F \u00e8 resistente ai disinfettanti contenenti alcol, iodio e octenidina. La pellicola pu\u00f2 essere lavata senza problemi poich\u00e9 \u00e8 impermeabile.<\/p>\n<p>Quando hai finito con il tatuaggio, pulisci il tatuaggio. Consigliamo di proteggerlo con Tattoo Finish, che aiuter\u00e0 a guarire pi\u00f9 velocemente e a lenire i rossori. Attendi che la finitura del tatuaggio si asciughi e applica la pellicola sul tatuaggio. Lasciare la pellicola sulla pelle per 4 giorni, rimuoverla dopo il quarto giorno e iniziare con la cura abituale, pulendo il tatuaggio e applicando la crema. Il tuo tatuaggio guarir\u00e0 gi\u00e0 sotto la pellicola e con l&#039;ulteriore processo di pulizia e oliatura guarir\u00e0 finalmente.<\/p>\n<p>Prodotto da: Lohnamm &amp; Rauscher International GmbH, Germania<\/p>\n<p>&nbsp;<\/p>","protected":false},"excerpt":{"rendered":"<p>Razli\u010dice: 10cm * 1m in 15cm * 10m<\/p>\n<p>SUPRASORB folija omogo\u010da pregledno za\u0161\u010dito za va\u0161 tattoo. Poliuretanski film je zra\u010den in pro\u017een, pospe\u0161uje celjenje ran s pomo\u010djo izmenjave plina in toplote.<br \/>\nProizvaja: Lohmann &amp; Rauscher International GmbH, Nem\u010dija<\/p>","protected":false},"featured_media":32093,"template":"","meta":{"_seopress_robots_primary_cat":"none","_seopress_titles_title":"","_seopress_titles_desc":"","_seopress_robots_index":""},"product_brand":[],"product_cat":[244,245,206,233],"product_tag":[],"class_list":{"0":"post-28961","1":"product","2":"type-product","3":"status-publish","4":"has-post-thumbnail","6":"product_cat-folije-in-oblizi","7":"product_cat-folije-za-zascito-tetovirane-koze","8":"product_cat-higiena","9":"product_cat-nega-koze-po-tetoviranju","10":"entry","11":"has-media","13":"first","14":"outofstock","15":"taxable","16":"shipping-taxable","17":"product-type-variable"},"_links":{"self":[{"href":"https:\/\/www.carantaniatattoo.com\/it\/wp-json\/wp\/v2\/product\/28961","targetHints":{"allow":["GET"]}}],"collection":[{"href":"https:\/\/www.carantaniatattoo.com\/it\/wp-json\/wp\/v2\/product"}],"about":[{"href":"https:\/\/www.carantaniatattoo.com\/it\/wp-json\/wp\/v2\/types\/product"}],"version-history":[{"count":0,"href":"https:\/\/www.carantaniatattoo.com\/it\/wp-json\/wp\/v2\/product\/28961\/revisions"}],"wp:featuredmedia":[{"embeddable":true,"href":"https:\/\/www.carantaniatattoo.com\/it\/wp-json\/wp\/v2\/media\/32093"}],"wp:attachment":[{"href":"https:\/\/www.carantaniatattoo.com\/it\/wp-json\/wp\/v2\/media?parent=28961"}],"wp:term":[{"taxonomy":"product_brand","embeddable":true,"href":"https:\/\/www.carantaniatattoo.com\/it\/wp-json\/wp\/v2\/product_brand?post=28961"},{"taxonomy":"product_cat","embeddable":true,"href":"https:\/\/www.carantaniatattoo.com\/it\/wp-json\/wp\/v2\/product_cat?post=28961"},{"taxonomy":"product_tag","embeddable":true,"href":"https:\/\/www.carantaniatattoo.com\/it\/wp-json\/wp\/v2\/product_tag?post=28961"}],"curies":[{"name":"wp","href":"https:\/\/api.w.org\/{rel}","templated":true}]}}