{"id":29477,"date":"2017-10-03T14:07:42","date_gmt":"2017-10-03T14:07:42","guid":{"rendered":"https:\/\/www.ivh6.si\/Ponudbe\/tattoo\/izdelek\/crne-zascitne-vrecke-v-roli\/"},"modified":"2025-09-01T11:02:03","modified_gmt":"2025-09-01T11:02:03","slug":"crne-zascitne-vrecke-v-roli","status":"publish","type":"product","link":"https:\/\/www.carantaniatattoo.com\/it\/trgovina\/pripomocki-za-delo\/zascitne-vrecke-in-gripi\/sacchetti-protettivi-neri-in-rotolo-2\/","title":{"rendered":"Borse protettive nere per cavi in rotolo 365mx5,5cm"},"content":{"rendered":"<h4>Buste protettive nere per cavi in rotolo 365 mx 5,5 cm<\/h4>\n<p>Buste protettive per cavi realizzate in materiale PVC, dimensioni: 365m x 5,5cm. Poich\u00e9 puoi tagliarle come desideri, le borse sono versatili.<br \/>\nPer uso singolo.<br \/>\nColore: nero<br \/>\nProduttore: Unigloves, Germania<\/p>\n<p>&nbsp;<\/p>","protected":false},"excerpt":{"rendered":"<p>\u010crne za\u0161\u010ditne vre\u010dke za kable v roli<br \/>\nZa\u0161\u010ditne vre\u010dke za kable v roli iz PVC materiala, odre\u017eete po \u017eelji, za enkratno uporabo.<br \/>\nMere: 365m x 5,5cm<\/p>","protected":false},"featured_media":35318,"template":"","meta":{"_seopress_robots_primary_cat":"none","_seopress_titles_title":"","_seopress_titles_desc":"","_seopress_robots_index":""},"product_brand":[],"product_cat":[209,221],"product_tag":[],"class_list":{"0":"post-29477","1":"product","2":"type-product","3":"status-publish","4":"has-post-thumbnail","6":"product_cat-pripomocki-za-delo","7":"product_cat-zascitne-vrecke-in-gripi","8":"entry","9":"has-media","11":"first","12":"instock","13":"sale","14":"taxable","15":"shipping-taxable","16":"purchasable","17":"product-type-simple"},"_links":{"self":[{"href":"https:\/\/www.carantaniatattoo.com\/it\/wp-json\/wp\/v2\/product\/29477","targetHints":{"allow":["GET"]}}],"collection":[{"href":"https:\/\/www.carantaniatattoo.com\/it\/wp-json\/wp\/v2\/product"}],"about":[{"href":"https:\/\/www.carantaniatattoo.com\/it\/wp-json\/wp\/v2\/types\/product"}],"version-history":[{"count":0,"href":"https:\/\/www.carantaniatattoo.com\/it\/wp-json\/wp\/v2\/product\/29477\/revisions"}],"wp:featuredmedia":[{"embeddable":true,"href":"https:\/\/www.carantaniatattoo.com\/it\/wp-json\/wp\/v2\/media\/35318"}],"wp:attachment":[{"href":"https:\/\/www.carantaniatattoo.com\/it\/wp-json\/wp\/v2\/media?parent=29477"}],"wp:term":[{"taxonomy":"product_brand","embeddable":true,"href":"https:\/\/www.carantaniatattoo.com\/it\/wp-json\/wp\/v2\/product_brand?post=29477"},{"taxonomy":"product_cat","embeddable":true,"href":"https:\/\/www.carantaniatattoo.com\/it\/wp-json\/wp\/v2\/product_cat?post=29477"},{"taxonomy":"product_tag","embeddable":true,"href":"https:\/\/www.carantaniatattoo.com\/it\/wp-json\/wp\/v2\/product_tag?post=29477"}],"curies":[{"name":"wp","href":"https:\/\/api.w.org\/{rel}","templated":true}]}}