{"id":30418,"date":"2018-07-11T11:56:57","date_gmt":"2018-07-11T11:56:57","guid":{"rendered":"https:\/\/www.ivh6.si\/Ponudbe\/tattoo\/izdelek\/eikon-symbeos-deluxe-system\/"},"modified":"2025-07-07T12:40:06","modified_gmt":"2025-07-07T12:40:06","slug":"eikon-symbeos-deluxe-system","status":"publish","type":"product","link":"https:\/\/www.carantaniatattoo.com\/it\/trgovina\/strojcki-za-tetoviranje\/eikon-2\/sistema-eikon-symbeos-deluxe\/","title":{"rendered":"SISTEMA EIKON SYMBEOS DELUXE"},"content":{"rendered":"<p>L&#039;EIKON SYMBEOS DELUXE SYSTEM \u00e8 una macchinetta per tatuaggi che ti consente di effettuare diverse impostazioni, cos\u00ec puoi personalizzarla completamente secondo te!<br \/>\nSono disponibili oltre 45 diverse configurazioni di configurazione hardware, con parti del sistema Deluxe, che ti consentono di configurare molti dispositivi per linee, colorazione o ombreggiatura.<\/p>\n<p>Il Sistema Deluxe comprende:<br \/>\n1 corpo macchina Symbeos, realizzato in alluminio aeronautico serie 7075 (alluminio aeronautico).<br \/>\n3 parti Symbeos regolabili realizzate in materiale resistente all&#039;usura - Delrin, ognuna progettata unicamente per adattarsi alle vostre preferenze ed esigenze.<br \/>\n3 diversi pod Symbeos (2,6 mm, 3,4 mm e 4,0 mm) realizzati con cuscinetti di macinazione FAG tedeschi, con essi modificano la lunghezza della corsa e la forza di controllo.<br \/>\n3 motori Symbeos personalizzati (# 4, # 5 e # 6), per modificare la velocit\u00e0 e la coppia della tua macchina.<\/p>\n<p>La storia di innovazione e design di Eikon combinata con l&#039;esperienza hardware di HM ha dato vita a una macchina rotativa che consente la personalizzazione. Ogni componente intercambiabile della macchina \u00e8 prodotto in Europa, utilizzando solo materiali della massima qualit\u00e0, consentendoti di configurare e utilizzare la macchina come mai prima d&#039;ora.<\/p>\n<p>Disponibile su ordinazione.<\/p>\n<p>&nbsp;<\/p>","protected":false},"excerpt":{"rendered":"<p><strong>SISTEMA EIKON SYMBEOS DELUXE <\/strong>je tattoo stroj\u010dek, ki vam omogo\u010da ve\u010d mo\u017enih nastavitev, torej ga lahko povsem prilagodite va\u0161im potrebam!<br \/>\nSono disponibili oltre 45 diverse configurazioni di configurazione hardware, con parti del sistema Deluxe, che ti consentono di configurare molti dispositivi per linee, colorazione o ombreggiatura.<\/p>\n<p>La storia di innovazione e design di Eikon combinata con l&#039;esperienza hardware di HM ha dato vita a una macchina rotativa che consente la personalizzazione. Ogni componente intercambiabile della macchina \u00e8 prodotto in Europa, utilizzando solo materiali della massima qualit\u00e0, consentendoti di configurare e utilizzare la macchina come mai prima d&#039;ora.<\/p>","protected":false},"featured_media":35223,"template":"","meta":{"_seopress_robots_primary_cat":"none","_seopress_titles_title":"","_seopress_titles_desc":"","_seopress_robots_index":""},"product_brand":[],"product_cat":[291,202],"product_tag":[],"class_list":{"0":"post-30418","1":"product","2":"type-product","3":"status-publish","4":"has-post-thumbnail","6":"product_cat-eikon","7":"product_cat-strojcki-za-tetoviranje","8":"entry","9":"has-media","11":"first","12":"onbackorder","13":"sale","14":"taxable","15":"shipping-taxable","16":"purchasable","17":"product-type-simple"},"_links":{"self":[{"href":"https:\/\/www.carantaniatattoo.com\/it\/wp-json\/wp\/v2\/product\/30418","targetHints":{"allow":["GET"]}}],"collection":[{"href":"https:\/\/www.carantaniatattoo.com\/it\/wp-json\/wp\/v2\/product"}],"about":[{"href":"https:\/\/www.carantaniatattoo.com\/it\/wp-json\/wp\/v2\/types\/product"}],"version-history":[{"count":0,"href":"https:\/\/www.carantaniatattoo.com\/it\/wp-json\/wp\/v2\/product\/30418\/revisions"}],"wp:featuredmedia":[{"embeddable":true,"href":"https:\/\/www.carantaniatattoo.com\/it\/wp-json\/wp\/v2\/media\/35223"}],"wp:attachment":[{"href":"https:\/\/www.carantaniatattoo.com\/it\/wp-json\/wp\/v2\/media?parent=30418"}],"wp:term":[{"taxonomy":"product_brand","embeddable":true,"href":"https:\/\/www.carantaniatattoo.com\/it\/wp-json\/wp\/v2\/product_brand?post=30418"},{"taxonomy":"product_cat","embeddable":true,"href":"https:\/\/www.carantaniatattoo.com\/it\/wp-json\/wp\/v2\/product_cat?post=30418"},{"taxonomy":"product_tag","embeddable":true,"href":"https:\/\/www.carantaniatattoo.com\/it\/wp-json\/wp\/v2\/product_tag?post=30418"}],"curies":[{"name":"wp","href":"https:\/\/api.w.org\/{rel}","templated":true}]}}