{"id":30442,"date":"2018-08-02T07:51:14","date_gmt":"2018-08-02T07:51:14","guid":{"rendered":"https:\/\/www.ivh6.si\/Ponudbe\/tattoo\/izdelek\/cheyenne-sol-nova\/"},"modified":"2025-07-07T12:32:36","modified_gmt":"2025-07-07T12:32:36","slug":"cheyenne-sol-nova","status":"publish","type":"product","link":"https:\/\/www.carantaniatattoo.com\/it\/trgovina\/strojcki-za-tetoviranje\/cheyenne\/sale-cheyenne-nuovo\/","title":{"rendered":"SALE DI CHEYENNE Nuovo"},"content":{"rendered":"<h4>Cheyenne SOL Nova<\/h4>\n<p>Sol Nova 3.3mm \u00e8 ideale per linee precise e ombre estremamente morbide. Funziona tra 25 e 150 Hz e con una bassa frequenza di 25 Hz consente un perfetto realismo dei colori. Se alzi Sol Nova le tue linee diventano pi\u00f9 piene e intense. La forma della matita \u00e8 robusta ed ergonomica. Rispetto alla macchina Pen, Sol Nova vanta maggiore potenza e un funzionamento pi\u00f9 fluido. \u00c8 molto semplice da proteggere, \u00e8 possibile utilizzare anche gli attacchi Ergo Round usa e getta.  Funziona con cartucce Cheyenne Safety e cartucce Cheyenne Craft. \u00c8 prodotto in Germania.<\/p>\n<ul>\n<li>Macchina per tatuaggi durevole e robusta<\/li>\n<li>Il peso della macchinetta per tatuaggi \u00e8 spostato in avanti<\/li>\n<li>Bassa frequenza di 25 Hz per DOT e realismo dei colori<\/li>\n<li>Potente macchinetta per tatuaggi, molto delicata sulla pelle<\/li>\n<li>Tratto da 3,5 mm adatto per linee e ombre<\/li>\n<li>Funzionamento fluido, morbido e silenzioso<\/li>\n<li>Facile da pulire, anodizzato<\/li>\n<\/ul>\n<p>Dati tecnici:<\/p>\n<ul>\n<li>Voltaggio: da 5 a 12,6 V CC<\/li>\n<li>Consumo energetico: 3 W<\/li>\n<li>Potenza iniziale: max 2,5 A per max 200 ms<\/li>\n<li>Frequenza di perforazione: da 25 a 150 Hz<\/li>\n<li>Conchiglia: 3,5 mm<\/li>\n<li>Uscita dell&#039;ago: da 0 a 4,0 mm<\/li>\n<li>Cavo: jack da 3,5 mm<\/li>\n<li>Azionamento: motore DC senza spazzole<\/li>\n<li>Modalit\u00e0 di funzionamento: funzionamento continuo<\/li>\n<li>Diametro: 33 mm<\/li>\n<li>Lunghezza: 102 mm<\/li>\n<li>Peso: ca. 150 g<\/li>\n<\/ul>\n<p>La garanzia per Cheyenne SOL Nova \u00e8 valida per 12 mesi, quando si utilizzano attrezzature originali del marchio Cheyenne e cartucce per tatuaggi Cheyenne. Prodotto in Germania.<\/p>","protected":false},"excerpt":{"rendered":"<p>Sol Nova je Cheyennov najnovej\u0161i tetoverski stroj\u010dek.<\/p>\n<p>Sol Nova je izjemno mo\u010dan in hkrati ne\u017een. Barva se hitreje prena\u0161a na ko\u017eo kar je idealno za \u010drno-sive tetova\u017ee. Zahvale gredo tihemu in mehkemu na\u010din delovanja, ne povzro\u010da grobega videza ko\u017ee, kar omogo\u010da hitrej\u0161i proces celjenja.<\/p>","protected":false},"featured_media":35215,"template":"","meta":{"_seopress_robots_primary_cat":"none","_seopress_titles_title":"","_seopress_titles_desc":"","_seopress_robots_index":""},"product_brand":[],"product_cat":[194,264,202],"product_tag":[],"class_list":{"0":"post-30442","1":"product","2":"type-product","3":"status-publish","4":"has-post-thumbnail","6":"product_cat-akcija","7":"product_cat-cheyenne","8":"product_cat-strojcki-za-tetoviranje","9":"entry","10":"has-media","12":"first","13":"instock","14":"sale","15":"taxable","16":"shipping-taxable","17":"purchasable","18":"product-type-simple"},"_links":{"self":[{"href":"https:\/\/www.carantaniatattoo.com\/it\/wp-json\/wp\/v2\/product\/30442","targetHints":{"allow":["GET"]}}],"collection":[{"href":"https:\/\/www.carantaniatattoo.com\/it\/wp-json\/wp\/v2\/product"}],"about":[{"href":"https:\/\/www.carantaniatattoo.com\/it\/wp-json\/wp\/v2\/types\/product"}],"version-history":[{"count":0,"href":"https:\/\/www.carantaniatattoo.com\/it\/wp-json\/wp\/v2\/product\/30442\/revisions"}],"wp:featuredmedia":[{"embeddable":true,"href":"https:\/\/www.carantaniatattoo.com\/it\/wp-json\/wp\/v2\/media\/35215"}],"wp:attachment":[{"href":"https:\/\/www.carantaniatattoo.com\/it\/wp-json\/wp\/v2\/media?parent=30442"}],"wp:term":[{"taxonomy":"product_brand","embeddable":true,"href":"https:\/\/www.carantaniatattoo.com\/it\/wp-json\/wp\/v2\/product_brand?post=30442"},{"taxonomy":"product_cat","embeddable":true,"href":"https:\/\/www.carantaniatattoo.com\/it\/wp-json\/wp\/v2\/product_cat?post=30442"},{"taxonomy":"product_tag","embeddable":true,"href":"https:\/\/www.carantaniatattoo.com\/it\/wp-json\/wp\/v2\/product_tag?post=30442"}],"curies":[{"name":"wp","href":"https:\/\/api.w.org\/{rel}","templated":true}]}}