{"id":30463,"date":"2018-08-03T08:15:57","date_gmt":"2018-08-03T08:15:57","guid":{"rendered":"https:\/\/www.ivh6.si\/Ponudbe\/tattoo\/izdelek\/scorpion\/"},"modified":"2022-07-07T06:35:09","modified_gmt":"2022-07-07T06:35:09","slug":"scorpion","status":"publish","type":"product","link":"https:\/\/www.carantaniatattoo.com\/it\/trgovina\/strojcki-za-tetoviranje\/ink-machines\/scorpione\/","title":{"rendered":"SCORPIONE"},"content":{"rendered":"<h3 class=\"page-header\">SCORPIONE<\/h3>\n<p>Con smorzamento attivo delle vibrazioni, azionamento magnetico dell&#039;ago senza spazzole e migliore controllo della contaminazione incrociata. L&#039;esclusivo design cinetico consente un&#039;azione rapida e non danneggia la pelle.<br \/>\nScorpion funziona con le cartucce Neo, appositamente progettate per garantire la massima igiene e un funzionamento regolare, cos\u00ec come con tutti gli altri aghi a cartuccia.<br \/>\nProdotto in Svezia.<\/p>\n<p>PER ORDINARE.<\/p>\n<p>Dati tecnici:<br \/>\n\u2013 Voltaggio: 0 \u2013 12 V (max 12 V CC)<br \/>\n\u2013 Cavi di collegamento: RCA o normali (max. \u00d81,6 mm)<br \/>\n\u2013 Intervallo: sec: 0 \u2013 8.000 giri\/min 0 \u2013 130\/sec<br \/>\n\u2013 Perline: 4 mm<br \/>\n\u2013 Regolazione dell&#039;ago: 4 mm<br \/>\n\u2013 Diametro della macchina: \u00d822 mm<br \/>\n\u2013 Misura dell\u2019ago: 27 magnum<br \/>\n\u2013 Peso: 100 grammi con impugnatura usa e getta<br \/>\n\u2013 Predisposizione wireless: s\u00ec<br \/>\n\u2013 Dimensioni \u00d8xL: \u00d822 x 113 mm mm<\/p>\n<p>Garanzia 1 anno.<\/p>\n<p>&nbsp;<\/p>\n<p>&nbsp;<\/p>","protected":false},"excerpt":{"rendered":"<p>PER ORDINARE.<\/p>\n<p>Con smorzamento attivo delle vibrazioni, azionamento magnetico dell&#039;ago senza spazzole e migliore controllo della contaminazione incrociata. L&#039;esclusivo design cinetico consente un&#039;azione rapida e non danneggia la pelle.<br \/>\nScorpion deluje s kartu\u0161ami Neo, ki so posebej zasnovane za skrb za najbolj\u0161o higieno in gladkost delovanja in tudi z vsemi ostalimi kartu\u0161nimi iglami.<br \/>\nProdotto in Svezia.<\/p>","protected":false},"featured_media":30465,"template":"","meta":{"_seopress_robots_primary_cat":"none","_seopress_titles_title":"","_seopress_titles_desc":"","_seopress_robots_index":""},"product_brand":[],"product_cat":[205,202],"product_tag":[],"class_list":{"0":"post-30463","1":"product","2":"type-product","3":"status-publish","4":"has-post-thumbnail","6":"product_cat-ink-machines","7":"product_cat-strojcki-za-tetoviranje","8":"entry","9":"has-media","11":"first","12":"onbackorder","13":"sale","14":"taxable","15":"shipping-taxable","16":"purchasable","17":"product-type-variable"},"_links":{"self":[{"href":"https:\/\/www.carantaniatattoo.com\/it\/wp-json\/wp\/v2\/product\/30463","targetHints":{"allow":["GET"]}}],"collection":[{"href":"https:\/\/www.carantaniatattoo.com\/it\/wp-json\/wp\/v2\/product"}],"about":[{"href":"https:\/\/www.carantaniatattoo.com\/it\/wp-json\/wp\/v2\/types\/product"}],"version-history":[{"count":0,"href":"https:\/\/www.carantaniatattoo.com\/it\/wp-json\/wp\/v2\/product\/30463\/revisions"}],"wp:featuredmedia":[{"embeddable":true,"href":"https:\/\/www.carantaniatattoo.com\/it\/wp-json\/wp\/v2\/media\/30465"}],"wp:attachment":[{"href":"https:\/\/www.carantaniatattoo.com\/it\/wp-json\/wp\/v2\/media?parent=30463"}],"wp:term":[{"taxonomy":"product_brand","embeddable":true,"href":"https:\/\/www.carantaniatattoo.com\/it\/wp-json\/wp\/v2\/product_brand?post=30463"},{"taxonomy":"product_cat","embeddable":true,"href":"https:\/\/www.carantaniatattoo.com\/it\/wp-json\/wp\/v2\/product_cat?post=30463"},{"taxonomy":"product_tag","embeddable":true,"href":"https:\/\/www.carantaniatattoo.com\/it\/wp-json\/wp\/v2\/product_tag?post=30463"}],"curies":[{"name":"wp","href":"https:\/\/api.w.org\/{rel}","templated":true}]}}