{"id":30656,"date":"2018-12-06T12:49:00","date_gmt":"2018-12-06T12:49:00","guid":{"rendered":"https:\/\/www.ivh6.si\/Ponudbe\/tattoo\/izdelek\/inkjet-stencils-printer-ink-bottle\/"},"modified":"2025-07-07T12:23:10","modified_gmt":"2025-07-07T12:23:10","slug":"inkjet-stencils-printer-ink-bottle","status":"publish","type":"product","link":"https:\/\/www.carantaniatattoo.com\/it\/trgovina\/igiene\/geli-za-pripravo-in-odstranitev-sablon\/bottiglia-di-inchiostro-per-stampante-con-stencil-a-getto-dinchiostro\/","title":{"rendered":"Stencil InkJet \u2013 Inchiostro per stampante 120 ml"},"content":{"rendered":"<h4>Stencil InkJet \u2013 Inchiostro per stampante 120 ml<\/h4>\n<p>Un&#039;alternativa agli stencil e alle stampanti termiche.<\/p>\n<p>2 bottiglie riempiono completamente il serbatoio della stampante, ma 1 bottiglia da 120 ml \u00e8 sufficiente per il lavoro. Quando riempi la stampante Epson Eco Tank, assicurati di riempire tutto nella stessa misura e che la stampante sia in posizione verticale prima dell&#039;uso.<\/p>\n<p>InkJet Stencils \u00e8 un&#039;alternativa agli stencil e alle stampanti termiche che permettono di realizzare stencil per tatuaggi in brevissimo tempo. Basta riempire i serbatoi d&#039;inchiostro della stampante in parti uguali con inchiostro per stampante InkJet Stencils, configurare la stampante sul computer come faresti normalmente e iniziare a stampare! Utilizzando una stampante standard significa che ora puoi stampare stencil in alta risoluzione direttamente dal tuo editor di foto: modifica semplicemente la tua immagine e personalizza il tema dello stencil direttamente dal tuo computer e premi il pulsante di stampa.<\/p>\n<p>La stampante EPSON Eco Tank (modelli compatibili suggeriti: ET-2750, ET-2700, ET-2650, ET-2600) e l&#039;inchiostro della stampante InkJet Stencils vanno di pari passo per creare stencil incredibilmente chiari e precisi.<\/p>\n<p>Una bottiglia da 120 ml \u00e8 sufficiente per circa 3.000 stampe.<\/p>\n<p>Prodotto negli Stati Uniti. Vegano.<\/p>","protected":false},"excerpt":{"rendered":"<p>InkJet Stencils &#8211; Printer Ink<\/p>\n<p>InkJet Stencils \u00e8 un&#039;alternativa agli stencil e alle stampanti termiche che permettono di realizzare stencil per tatuaggi in brevissimo tempo. Basta riempire i serbatoi d&#039;inchiostro della stampante in parti uguali con inchiostro per stampante InkJet Stencils, configurare la stampante sul computer come faresti normalmente e iniziare a stampare! Utilizzando una stampante standard significa che ora puoi stampare stencil in alta risoluzione direttamente dal tuo editor di foto: modifica semplicemente la tua immagine e personalizza il tema dello stencil direttamente dal tuo computer e premi il pulsante di stampa.<\/p>\n<p>&nbsp;<\/p>","protected":false},"featured_media":32128,"template":"","meta":{"_seopress_robots_primary_cat":"none","_seopress_titles_title":"InkJet Stencils - Printer Ink 120ml - Carantania Tattoo","_seopress_titles_desc":"Za \u0161ablone in termalne tiskalnike, ki vam omogo\u010dajo izdelavo tattoo \u0161ablon v zelo kratkem \u010dasu. Preprosto napolnite rezervoarje \u010drnila tiskalnika...","_seopress_robots_index":""},"product_brand":[],"product_cat":[242,206],"product_tag":[],"class_list":{"0":"post-30656","1":"product","2":"type-product","3":"status-publish","4":"has-post-thumbnail","6":"product_cat-geli-za-pripravo-in-odstranitev-sablon","7":"product_cat-higiena","8":"entry","9":"has-media","11":"first","12":"instock","13":"sale","14":"taxable","15":"shipping-taxable","16":"purchasable","17":"product-type-simple"},"_links":{"self":[{"href":"https:\/\/www.carantaniatattoo.com\/it\/wp-json\/wp\/v2\/product\/30656","targetHints":{"allow":["GET"]}}],"collection":[{"href":"https:\/\/www.carantaniatattoo.com\/it\/wp-json\/wp\/v2\/product"}],"about":[{"href":"https:\/\/www.carantaniatattoo.com\/it\/wp-json\/wp\/v2\/types\/product"}],"version-history":[{"count":0,"href":"https:\/\/www.carantaniatattoo.com\/it\/wp-json\/wp\/v2\/product\/30656\/revisions"}],"wp:featuredmedia":[{"embeddable":true,"href":"https:\/\/www.carantaniatattoo.com\/it\/wp-json\/wp\/v2\/media\/32128"}],"wp:attachment":[{"href":"https:\/\/www.carantaniatattoo.com\/it\/wp-json\/wp\/v2\/media?parent=30656"}],"wp:term":[{"taxonomy":"product_brand","embeddable":true,"href":"https:\/\/www.carantaniatattoo.com\/it\/wp-json\/wp\/v2\/product_brand?post=30656"},{"taxonomy":"product_cat","embeddable":true,"href":"https:\/\/www.carantaniatattoo.com\/it\/wp-json\/wp\/v2\/product_cat?post=30656"},{"taxonomy":"product_tag","embeddable":true,"href":"https:\/\/www.carantaniatattoo.com\/it\/wp-json\/wp\/v2\/product_tag?post=30656"}],"curies":[{"name":"wp","href":"https:\/\/api.w.org\/{rel}","templated":true}]}}