{"id":31610,"date":"2020-07-02T09:17:39","date_gmt":"2020-07-02T09:17:39","guid":{"rendered":"https:\/\/www.ivh6.si\/Ponudbe\/tattoo\/izdelek\/inkjecta-flite-x1\/"},"modified":"2025-07-07T11:07:16","modified_gmt":"2025-07-07T11:07:16","slug":"inkjecta-flite-x1","status":"publish","type":"product","link":"https:\/\/www.carantaniatattoo.com\/it\/trgovina\/strojcki-za-tetoviranje\/inkjecta-rotary-tattoo-machine\/iniettare-flite-x1\/","title":{"rendered":"INKJECTA FLITE X1"},"content":{"rendered":"<h4>INKJECTA FLITE X1<\/h4>\n<p>Un nuovo movimento. Nuovo potere. Inkjecto Flite X1 \u00e8 alimentato da una batteria ricca di tecnologia innovativa che offre molte opzioni di personalizzazione: libert\u00e0 illimitata grazie al funzionamento con batteria agli ioni di litio. Il Flite X1 elimina la necessit\u00e0 di alimentatori e cavi, consentendo la massima libert\u00e0 di movimento. La durata di una batteria agli ioni di litio completamente carica \u00e8 fino a 8 ore. Nella confezione sono incluse due batterie e un caricabatteria con due ingressi. Controllo intelligente intuitivo ed ergonomico.<\/p>\n<p>La tensione si regola facilmente premendo l&#039;apposito pulsante e contemporaneamente inclinando la macchina. L&#039;intervallo di tensione pu\u00f2 essere impostato tra 4,5 - 16,5 volt ed \u00e8 indicato da ruote composte da 12 piccole luci LED.<br \/>\nLa profondit\u00e0 del punto si regola premendo le due frecce presenti sulla custodia, quindi \u00e8 molto semplice impostare la profondit\u00e0 del punto anche con impugnature fisse durante il lavoro. I Flex-Grip non sono pi\u00f9 assolutamente necessari.<br \/>\nLa corsa pu\u00f2 essere adattata alle esigenze individuali mediante una rapida sostituzione della camma. Lo standard da 3,25 mm \u00e8 incluso nella consegna, gli altri sono disponibili separatamente in 2,5, 3,0, 3,5 e 4,0 mm.<br \/>\nLa durezza pu\u00f2 essere selezionata con diverse barre dell&#039;ago. La consegna include una barra dell&#039;ago in carbonio preassemblata e una barra dell&#039;ago di torsione media e dura.<br \/>\nIl peso del Flite X1 \u00e8 di soli 144 g, ha la doppia nanotecnologia, un motore di azionamento e un motore di regolazione della profondit\u00e0.<br \/>\nInkjecta Flite X1 \u00e8 stato progettato, sviluppato e prodotto in Australia. Ci\u00f2 vale anche per il PCB, prodotto in Australia secondo gli standard militari.<\/p>\n<p>Fatti rapidi:<br \/>\nFunzionamento a batteria senza fili<br \/>\nFunzionamento intuitivo ed ergonomicamente intelligente<br \/>\nRegolazione della tensione con la semplice pressione di un pulsante e inclinazione simultanea della macchina<br \/>\nRegolazione tecnologica della profondit\u00e0 del punto con l&#039;ausilio di due pulsanti<br \/>\nPienamente compatibile con camme e barre dell&#039;ago Inkjecta Flite Nano<br \/>\nTempo di funzionamento Batteria agli ioni di litio 2040 mAh 18500: fino a 8 ore<br \/>\nTempo di ricarica Batteria agli ioni di litio 2040 mAh 18500: 90 min<br \/>\nTempo di funzionamento Batteria agli ioni di litio 18350 da 900 mAh: fino a 4 ore<br \/>\nTempo di ricarica Batteria agli ioni di litio 18350 da 900 mAh: 40 min<br \/>\nPeso molto leggero: 110 g senza batteria, batteria grande da 144 gz, batteria piccola da 139 gz<br \/>\nDue motori con nanotecnologia<br \/>\nProgettato, sviluppato e prodotto in Australia<\/p>\n<p>Il pacchetto contiene:<br \/>\nCaricabatterie con 2 connettori<br \/>\nCamma da 3,25 mm<br \/>\nCarbon Bar \u2013 barra dell&#039;ago preassemblata<br \/>\nBarra dell&#039;ago a torsione media<br \/>\nBarra dell&#039;ago a torsione dura<br \/>\nBatteria agli ioni di litio da 2040 mAh 18500<br \/>\nBatteria agli ioni di litio 18350 da 900 mAh<br \/>\nLubrificante Inox MX5<br \/>\nSuperLube<br \/>\nStrumento magnetico<br \/>\nManuale<br \/>\nincl. custodia da trasporto stabile e imbottita<\/p>\n<p>Disponibile su ordinazione.<\/p>\n<p>&nbsp;<\/p>\n<p>&nbsp;<\/p>\n<p>&nbsp;<\/p>","protected":false},"excerpt":{"rendered":"<p>Fatti rapidi:<br \/>\nFunzionamento a batteria senza fili<br \/>\nFunzionamento intuitivo ed ergonomicamente intelligente<br \/>\nRegolazione della tensione con la semplice pressione di un pulsante e inclinazione simultanea della macchina<br \/>\nRegolazione tecnologica della profondit\u00e0 del punto con l&#039;ausilio di due pulsanti<br \/>\nPienamente compatibile con camme e barre dell&#039;ago Inkjecta Flite Nano<br \/>\nTempo di funzionamento Batteria agli ioni di litio 2040 mAh 18500: fino a 8 ore<br \/>\nTempo di ricarica Batteria agli ioni di litio 2040 mAh 18500: 90 min<br \/>\nTempo di funzionamento Batteria agli ioni di litio 18350 da 900 mAh: fino a 4 ore<br \/>\nTempo di ricarica Batteria agli ioni di litio 18350 da 900 mAh: 40 min<br \/>\nPeso molto leggero: 110 g senza batteria, batteria grande da 144 gz, batteria piccola da 139 gz<br \/>\nDue motori con nanotecnologia<br \/>\nProgettato, sviluppato e prodotto in Australia<br \/>\nNa voljo v \u0161tirih razli\u010dnih barvah: Stealth, Glass, Smoke, Troopa<\/p>\n<p>Il pacchetto contiene:<br \/>\nCaricabatterie con 2 connettori<br \/>\nCamma da 3,25 mm<br \/>\nCarbon Bar \u2013 barra dell&#039;ago preassemblata<br \/>\nBarra dell&#039;ago a torsione media<br \/>\nBarra dell&#039;ago a torsione dura<br \/>\nBatteria agli ioni di litio da 2040 mAh 18500<br \/>\nBatteria agli ioni di litio 18350 da 900 mAh<br \/>\nLubrificante Inox MX5<br \/>\nSuperLube<br \/>\nStrumento magnetico<br \/>\nManuale<br \/>\nincl. custodia da trasporto stabile e imbottita<\/p>","protected":false},"featured_media":31612,"template":"","meta":{"_seopress_robots_primary_cat":"none","_seopress_titles_title":"INJECTA FLITE X1 - Carantania Tattoo","_seopress_titles_desc":"\u010cas trajanja baterije je do 8h. V paketu sta dve bateriji in polnilnik. Napetost se enostavno prilagodi s pritiskom na ustrezni gumb. Zelo nizka te\u017ea. ","_seopress_robots_index":""},"product_brand":[],"product_cat":[261,202],"product_tag":[],"class_list":{"0":"post-31610","1":"product","2":"type-product","3":"status-publish","4":"has-post-thumbnail","6":"product_cat-inkjecta-rotary-tattoo-machine","7":"product_cat-strojcki-za-tetoviranje","8":"entry","9":"has-media","11":"first","12":"instock","13":"sale","14":"taxable","15":"shipping-taxable","16":"purchasable","17":"product-type-simple"},"_links":{"self":[{"href":"https:\/\/www.carantaniatattoo.com\/it\/wp-json\/wp\/v2\/product\/31610","targetHints":{"allow":["GET"]}}],"collection":[{"href":"https:\/\/www.carantaniatattoo.com\/it\/wp-json\/wp\/v2\/product"}],"about":[{"href":"https:\/\/www.carantaniatattoo.com\/it\/wp-json\/wp\/v2\/types\/product"}],"version-history":[{"count":0,"href":"https:\/\/www.carantaniatattoo.com\/it\/wp-json\/wp\/v2\/product\/31610\/revisions"}],"wp:featuredmedia":[{"embeddable":true,"href":"https:\/\/www.carantaniatattoo.com\/it\/wp-json\/wp\/v2\/media\/31612"}],"wp:attachment":[{"href":"https:\/\/www.carantaniatattoo.com\/it\/wp-json\/wp\/v2\/media?parent=31610"}],"wp:term":[{"taxonomy":"product_brand","embeddable":true,"href":"https:\/\/www.carantaniatattoo.com\/it\/wp-json\/wp\/v2\/product_brand?post=31610"},{"taxonomy":"product_cat","embeddable":true,"href":"https:\/\/www.carantaniatattoo.com\/it\/wp-json\/wp\/v2\/product_cat?post=31610"},{"taxonomy":"product_tag","embeddable":true,"href":"https:\/\/www.carantaniatattoo.com\/it\/wp-json\/wp\/v2\/product_tag?post=31610"}],"curies":[{"name":"wp","href":"https:\/\/api.w.org\/{rel}","templated":true}]}}