{"id":31708,"date":"2020-07-16T09:15:18","date_gmt":"2020-07-16T09:15:18","guid":{"rendered":"https:\/\/www.ivh6.si\/Ponudbe\/tattoo\/izdelek\/tattoomed-sun-protection-lsf50-100ml\/"},"modified":"2022-03-17T09:25:54","modified_gmt":"2022-03-17T09:25:54","slug":"tattoomed-sun-protection-lsf50-100ml","status":"publish","type":"product","link":"https:\/\/www.carantaniatattoo.com\/it\/trgovina\/nega-koze-po-tetoviranju\/mazila\/protezione-solare-tatuata-lsf50-100ml-2\/","title":{"rendered":"PROTEZIONE SOLARE TATUATA SPF 50"},"content":{"rendered":"<h4>Protezione solare TattooMed SPF 50<\/h4>\n<p>Crema con efficace protezione UVA\/UVB per la pelle tatuata.<b>\u00a0<\/b>La crema solare TattooMed Sun Protection LSF50 \u00e8 una protezione solare appositamente sviluppata per la pelle tatuata durante l&#039;esposizione al sole molto forte. Gli ingredienti di alta qualit\u00e0 e un sistema di filtri UVA\/UVB a banda larga altamente efficace offrono una protezione immediata e ottimale del tatuaggio. Protegge dai danni irreversibili come lo sbiadimento e l&#039;invecchiamento precoce della pelle.<br \/>\nTattooMed Sun Protection LSF50 deve essere applicato sulla pelle prima di ogni esposizione al sole e ripetuto durante l&#039;esposizione prolungata al sole. Oltre alla tecnologia di protezione del colore, il prodotto ha anche un fattore di protezione pari a 50, che protegge la pelle dalle radiazioni solari dannose. La crema contiene provitamina B5, idrata la pelle, \u00e8 dermatologicamente testata e vegana 100%.<\/p>\n<p>Ingredienti: Aqua, Octocrylene, AlcoholDenat, Glycerin, C12-15AlkyBenzoate, ButylMethoxydibenzoylmthan, EthylhexySalicylate, TitaniumDiossido (nano), DicaprylyEther, TocopherylAcetate, VP\/Hexadecene Copolymer, Silica, Pantenolo, TriacontanyIPVP, Bis-EthylhexyLoxyphenolMetoxyphenylTriazine, Perfu me, acrilati\/C10-30alchilarcilatopolimero incrociato, cap rililglicole, etilesiglicerina, dimeticone, gomma di xantano, carbomer, disodio EDTA, idrossido di sodio, citrale, acido citrico, alcool benzilico, linalolo, citronellolo, tocoferolo.<\/p>\n<p>Prodotto in Germania.<\/p>\n<p>&nbsp;<\/p>","protected":false},"excerpt":{"rendered":"<p>Protezione solare TattooMed SPF 50<\/p>\n<p>Za\u0161\u010ditna krema pred soncem LSF50 je posebej razvita za\u0161\u010dita pred soncem za tetovirano ko\u017eo med zelo mo\u010dnim son\u010denjem. Kakovostne sestavine, pa tudi zelo u\u010dinkovit \u0161irokopasovni filtrirni sistem UVA \/ UVB nudijo optimalno takoj\u0161njo za\u0161\u010dito tetova\u017ee. \u0160\u010diti pred nepopravljivo \u0161kodo, kot sta zbledelost in prezgodnje staranje ko\u017ee.<\/p>\n<p>Visita la nostra pagina FB <a href=\"https:\/\/www.facebook.com\/CarantaniaSlovenia\/\">Carantania Slovenia<\/a><\/p>","protected":false},"featured_media":31710,"template":"","meta":{"_seopress_robots_primary_cat":"none","_seopress_titles_title":"TattooMed Sun Protection LSF 50 - Carantania Tatoo","_seopress_titles_desc":"Za\u0161\u010ditna krema pred soncem LSF50 je posebej razvita za\u0161\u010dita pred soncem za tetovirano ko\u017eo med zelo mo\u010dnim son\u010denjem. Kakovostne sestavine. 100% veganska krema.","_seopress_robots_index":""},"product_brand":[],"product_cat":[206,234,233,235],"product_tag":[],"class_list":{"0":"post-31708","1":"product","2":"type-product","3":"status-publish","4":"has-post-thumbnail","6":"product_cat-higiena","7":"product_cat-mazila","8":"product_cat-nega-koze-po-tetoviranju","9":"product_cat-za-nego-tattooja","10":"entry","11":"has-media","13":"first","14":"outofstock","15":"sale","16":"taxable","17":"shipping-taxable","18":"purchasable","19":"product-type-simple"},"_links":{"self":[{"href":"https:\/\/www.carantaniatattoo.com\/it\/wp-json\/wp\/v2\/product\/31708","targetHints":{"allow":["GET"]}}],"collection":[{"href":"https:\/\/www.carantaniatattoo.com\/it\/wp-json\/wp\/v2\/product"}],"about":[{"href":"https:\/\/www.carantaniatattoo.com\/it\/wp-json\/wp\/v2\/types\/product"}],"version-history":[{"count":0,"href":"https:\/\/www.carantaniatattoo.com\/it\/wp-json\/wp\/v2\/product\/31708\/revisions"}],"wp:featuredmedia":[{"embeddable":true,"href":"https:\/\/www.carantaniatattoo.com\/it\/wp-json\/wp\/v2\/media\/31710"}],"wp:attachment":[{"href":"https:\/\/www.carantaniatattoo.com\/it\/wp-json\/wp\/v2\/media?parent=31708"}],"wp:term":[{"taxonomy":"product_brand","embeddable":true,"href":"https:\/\/www.carantaniatattoo.com\/it\/wp-json\/wp\/v2\/product_brand?post=31708"},{"taxonomy":"product_cat","embeddable":true,"href":"https:\/\/www.carantaniatattoo.com\/it\/wp-json\/wp\/v2\/product_cat?post=31708"},{"taxonomy":"product_tag","embeddable":true,"href":"https:\/\/www.carantaniatattoo.com\/it\/wp-json\/wp\/v2\/product_tag?post=31708"}],"curies":[{"name":"wp","href":"https:\/\/api.w.org\/{rel}","templated":true}]}}