{"id":31864,"date":"2021-05-12T11:24:26","date_gmt":"2021-05-12T11:24:26","guid":{"rendered":"https:\/\/www.ivh6.si\/Ponudbe\/tattoo\/izdelek\/critical-univerzalna-baterija\/"},"modified":"2025-08-28T07:55:53","modified_gmt":"2025-08-28T07:55:53","slug":"critical-univerzalna-baterija","status":"publish","type":"product","link":"https:\/\/www.carantaniatattoo.com\/it\/trgovina\/napajalniki-stopalke-in-kabli\/napajalniki-za-tattoo-strojcke\/batteria-universale-critica\/","title":{"rendered":"BATTERIA UNIVERSALE CRITICA"},"content":{"rendered":"<h3><strong>BATTERIA UNIVERSALE CRITICA<\/strong><\/h3>\n<p>Questa batteria pu\u00f2 trasformare la tua macchinetta rotativa preferita in una macchinetta per tatuaggi senza fili. La batteria universale \u00e8 disponibile con due connessioni (opzionali) RCA o 3,5 mm (Cheyenne), il che significa che \u00e8 abilitata la compatibilit\u00e0 con la maggior parte delle macchine rotanti.<br \/>\nQuesta BATTERIA UNIVERSALE CRITICA offre un&#039;interfaccia ergonomica, bilanciata e intuitiva che offre la vera libert\u00e0.<\/p>\n<h4><strong>Caratteristiche della batteria universale:<\/strong><\/h4>\n<ul>\n<li>compatibile con la maggior parte delle marche rotanti<\/li>\n<li>disponibile con connessioni RCA e\/o 3,5 mm (Cheyenne)<\/li>\n<li>nucleo critico = tensione di uscita costante e stabile<\/li>\n<li><a href=\"https:\/\/www.carantaniatattoo.com\/it\/izdelek\/stazione-di-ricarica-critica-per-la-batteria-universale\/\">doppia base di ricarica<\/a> (opzionale - possibilit\u00e0 di ricarica tramite porta USB)<\/li>\n<li>leggero ed equilibrato<\/li>\n<li>interfaccia utente intuitiva<\/li>\n<li>consente fino a 10 ore di tatuaggio (a seconda della tensione e dell&#039;utilizzo della macchina)<\/li>\n<li>Intervallo di tensione 4 V-13 V<\/li>\n<\/ul>\n<p><strong>Specifiche del prodotto batteria universale:<\/strong><br \/>\nLunghezza: 2,47&quot;<br \/>\nLarghezza: 1,26&quot;<br \/>\nPeso: 2,0 once<br \/>\nColore: nero<\/p>\n<p>1 anno di garanzia del produttore<\/p>\n<p>&nbsp;<\/p>","protected":false},"excerpt":{"rendered":"<h4><strong>Caratteristiche della batteria universale:<\/strong><\/h4>\n<ul>\n<li>compatibile con la maggior parte delle marche rotanti<\/li>\n<li>disponibile con connessioni RCA e\/o 3,5 mm (Cheyenne)<\/li>\n<li>Nucleo critico = tensione di uscita costante e stabile<\/li>\n<li>priklopna postaja z dvojnim polnjenjem (neobvezna &#8211; mo\u017enost polnjenja preko USB priklju\u010dka)<\/li>\n<li>leggero ed equilibrato<\/li>\n<li>interfaccia utente intuitiva<\/li>\n<li>consente fino a 10 ore di tatuaggio (a seconda della tensione e dell&#039;utilizzo della macchina)<\/li>\n<li>Intervallo di tensione 4 V-13 V<\/li>\n<\/ul>\n<p>Potrebbe interessarti anche una stazione di ricarica che consenta la ricarica RCA e 3,5 mm.<\/p>","protected":false},"featured_media":43712,"template":"","meta":{"_seopress_robots_primary_cat":"none","_seopress_titles_title":"CRITICAL UNIVERZALNA BATERIJA - Carantania Tattoo","_seopress_titles_desc":"Ta baterija mogo\u010da, da spremenite svoj najljub\u0161i rotacijski stroj\u010dek v brez\u017ei\u010dni tetoverski stroj\u010dek. Na voljo z dvema priklopoma; RCA ali 3,5 mm (Cheyenne).","_seopress_robots_index":""},"product_brand":[],"product_cat":[217,208],"product_tag":[],"class_list":{"0":"post-31864","1":"product","2":"type-product","3":"status-publish","4":"has-post-thumbnail","6":"product_cat-napajalniki-za-tattoo-strojcke","7":"product_cat-napajalniki-stopalke-in-kabli","8":"entry","9":"has-media","11":"first","12":"instock","13":"sale","14":"taxable","15":"shipping-taxable","16":"purchasable","17":"product-type-variable"},"_links":{"self":[{"href":"https:\/\/www.carantaniatattoo.com\/it\/wp-json\/wp\/v2\/product\/31864","targetHints":{"allow":["GET"]}}],"collection":[{"href":"https:\/\/www.carantaniatattoo.com\/it\/wp-json\/wp\/v2\/product"}],"about":[{"href":"https:\/\/www.carantaniatattoo.com\/it\/wp-json\/wp\/v2\/types\/product"}],"version-history":[{"count":0,"href":"https:\/\/www.carantaniatattoo.com\/it\/wp-json\/wp\/v2\/product\/31864\/revisions"}],"wp:featuredmedia":[{"embeddable":true,"href":"https:\/\/www.carantaniatattoo.com\/it\/wp-json\/wp\/v2\/media\/43712"}],"wp:attachment":[{"href":"https:\/\/www.carantaniatattoo.com\/it\/wp-json\/wp\/v2\/media?parent=31864"}],"wp:term":[{"taxonomy":"product_brand","embeddable":true,"href":"https:\/\/www.carantaniatattoo.com\/it\/wp-json\/wp\/v2\/product_brand?post=31864"},{"taxonomy":"product_cat","embeddable":true,"href":"https:\/\/www.carantaniatattoo.com\/it\/wp-json\/wp\/v2\/product_cat?post=31864"},{"taxonomy":"product_tag","embeddable":true,"href":"https:\/\/www.carantaniatattoo.com\/it\/wp-json\/wp\/v2\/product_tag?post=31864"}],"curies":[{"name":"wp","href":"https:\/\/api.w.org\/{rel}","templated":true}]}}