{"id":31873,"date":"2021-05-12T12:48:13","date_gmt":"2021-05-12T12:48:13","guid":{"rendered":"https:\/\/www.ivh6.si\/Ponudbe\/tattoo\/izdelek\/critical-polnilna-postaja-z-baterijama\/"},"modified":"2025-08-28T07:55:50","modified_gmt":"2025-08-28T07:55:50","slug":"critical-polnilna-postaja-z-baterijama","status":"publish","type":"product","link":"https:\/\/www.carantaniatattoo.com\/it\/trgovina\/napajalniki-stopalke-in-kabli\/napajalniki-za-tattoo-strojcke\/stazione-di-ricarica-critica-con-batterie\/","title":{"rendered":"STAZIONE DI RICARICA CRITICA CON BATTERIE"},"content":{"rendered":"<p>Questo insieme <strong>&quot;STAZIONE DI RICARICA CRITICA CON BATTERIE&quot;<\/strong> non ti lascer\u00e0 indifferente. Con la batteria universale Critical puoi trasformare in un batter d&#039;occhio il tuo tagliabordi rotante in un tagliabordi a batteria.<\/p>\n<p><strong>Il kit stazione di ricarica Critical con batterie comprende:<\/strong><br \/>\n2 RCA o<br \/>\n2 x 3,5 mm (Cheyenne) o<br \/>\n1 RCA e 1 da 3,5 mm (<a href=\"https:\/\/www.carantaniatattoo.com\/it\/categoria-di-prodotto\/strojcki-za-tetoviranje\/cheyenne-tattoo\/\">Cheyenne<\/a>)<br \/>\nCi\u00f2 significa che questa batteria \u00e8 disponibile con connessioni RCA e 3,5 mm (Cheyenne). \u00c8 compatibile con la maggior parte delle macchine rotative. La batteria universale Critical offre un&#039;interfaccia ergonomica, bilanciata e intuitiva che offre la vera libert\u00e0.<\/p>\n<p><strong>Caratteristiche della batteria universale:<\/strong><\/p>\n<ul>\n<li>compatibile con la maggior parte dei rasoi rotanti<\/li>\n<li>disponibile con connessioni RCA e 3,5 mm (Cheyenne)<\/li>\n<li>Nucleo critico = tensione di uscita costante e stabile<\/li>\n<li>un doppio dock di ricarica \u00e8 opzionale<\/li>\n<li>leggero ed equilibrato<\/li>\n<li>interfaccia utente intuitiva<\/li>\n<li>fino a 10 ore di tatuaggio (a seconda della tensione e dell&#039;utilizzo della macchina)<\/li>\n<li>intervallo di tensione 4 V-13 V<\/li>\n<\/ul>\n<p><strong>Specifiche del prodotto batteria universale:<\/strong><br \/>\nLunghezza: 2,47&quot;<br \/>\nLarghezza: 1,26&quot;<br \/>\nPeso: 2,0 once<br \/>\nColore: nero<br \/>\nCompatibile con batterie RCA e da 3,5 mm.<br \/>\nQuesta unit\u00e0 docking consente una facile sostituzione della batteria. La base magnetica integrata consente opzioni di fissaggio illimitate, per un facile accesso durante le sessioni di tatuaggio.<\/p>\n<p>Specifiche del prodotto batteria universale:<br \/>\nDimensioni: 2&quot; x 4&quot; x 1,2&quot;<br \/>\nCavo USB-C<br \/>\nPresa a muro USB-C<br \/>\nColore: nero<\/p>\n<p>1 anno di garanzia del produttore<\/p>\n<p>&nbsp;<\/p>","protected":false},"excerpt":{"rendered":"<p><strong>Caratteristiche della batteria universale:<\/strong><\/p>\n<ul>\n<li>compatibile con la maggior parte dei rasoi rotanti<\/li>\n<li>disponibile con connessioni RCA e 3,5 mm (Cheyenne)<\/li>\n<li>Nucleo critico = tensione di uscita costante e stabile<\/li>\n<li>un doppio dock di ricarica \u00e8 opzionale<\/li>\n<li>leggero ed equilibrato<\/li>\n<li>interfaccia utente intuitiva<\/li>\n<li>fino a 10 ore di tatuaggio (a seconda dell&#039;uso del voltaggio e della macchina)<\/li>\n<\/ul>\n<p><strong>Caratteristiche della batteria universale e della stazione:<\/strong><\/p>\n<ul>\n<li>Compatibile con batterie Critical RCA universali e da 3,5 mm.<\/li>\n<li>Due slot per la ricarica delle batterie Critical universali.<\/li>\n<li>Opzioni di attacco magnetico illimitate.<\/li>\n<li>Le batterie si adattano facilmente, con precisione e rimarranno nella maggior parte degli angoli.<\/li>\n<li>Hitra zamenjava baterije; &#8220;zamenjava baterije z eno roko&#8221;.<\/li>\n<li>Circa 2-3 ore di ricarica (da vuoto a pieno).<\/li>\n<li>Intervallo di tensione 4 V-13 V<\/li>\n<\/ul>\n<p>Stock: su ordinazione.<\/p>","protected":false},"featured_media":35017,"template":"","meta":{"_seopress_robots_primary_cat":"none","_seopress_titles_title":"CRITICAL POLNILNA POSTAJA Z BATERIJAMA - Carantania Tattoo","_seopress_titles_desc":"Z univerzalno Critical baterijo lahko v hipu spremenite svoj rotacijski stroj\u010dek v brez\u017ei\u010dnega. 2 x RCA ali 2 x 3,5 mm (Cheyenne) ali 1 x RCA in 1 x 3,5 mm","_seopress_robots_index":""},"product_brand":[],"product_cat":[217,208],"product_tag":[],"class_list":{"0":"post-31873","1":"product","2":"type-product","3":"status-publish","4":"has-post-thumbnail","6":"product_cat-napajalniki-za-tattoo-strojcke","7":"product_cat-napajalniki-stopalke-in-kabli","8":"entry","9":"has-media","11":"first","12":"instock","13":"sale","14":"taxable","15":"shipping-taxable","16":"purchasable","17":"product-type-variable"},"_links":{"self":[{"href":"https:\/\/www.carantaniatattoo.com\/it\/wp-json\/wp\/v2\/product\/31873","targetHints":{"allow":["GET"]}}],"collection":[{"href":"https:\/\/www.carantaniatattoo.com\/it\/wp-json\/wp\/v2\/product"}],"about":[{"href":"https:\/\/www.carantaniatattoo.com\/it\/wp-json\/wp\/v2\/types\/product"}],"version-history":[{"count":0,"href":"https:\/\/www.carantaniatattoo.com\/it\/wp-json\/wp\/v2\/product\/31873\/revisions"}],"wp:featuredmedia":[{"embeddable":true,"href":"https:\/\/www.carantaniatattoo.com\/it\/wp-json\/wp\/v2\/media\/35017"}],"wp:attachment":[{"href":"https:\/\/www.carantaniatattoo.com\/it\/wp-json\/wp\/v2\/media?parent=31873"}],"wp:term":[{"taxonomy":"product_brand","embeddable":true,"href":"https:\/\/www.carantaniatattoo.com\/it\/wp-json\/wp\/v2\/product_brand?post=31873"},{"taxonomy":"product_cat","embeddable":true,"href":"https:\/\/www.carantaniatattoo.com\/it\/wp-json\/wp\/v2\/product_cat?post=31873"},{"taxonomy":"product_tag","embeddable":true,"href":"https:\/\/www.carantaniatattoo.com\/it\/wp-json\/wp\/v2\/product_tag?post=31873"}],"curies":[{"name":"wp","href":"https:\/\/api.w.org\/{rel}","templated":true}]}}