{"id":37915,"date":"2022-01-28T12:47:25","date_gmt":"2022-01-28T12:47:25","guid":{"rendered":"https:\/\/www.7shop.si\/tattoo\/?post_type=product&#038;p=37915"},"modified":"2025-08-28T07:54:38","modified_gmt":"2025-08-28T07:54:38","slug":"i-am-ink-0-bela","status":"publish","type":"product","link":"https:\/\/www.carantaniatattoo.com\/it\/trgovina\/tattoo-barve-eu\/i-am-ink-tattoo-barve-eu\/sono-inchiostro-0-bianco\/","title":{"rendered":"SONO INCHIOSTRO \u2013 0 BIANCO"},"content":{"rendered":"<h4>SONO INCHIOSTRO \u2013 0 BIANCO<\/h4>\n<p>&quot;Pasta di rutilo bianco&quot; - colore bianco. Realizzato con la modifica di altissima qualit\u00e0 del biossido di titanio, rutilo. \u00c8 perfetto per impostare gli accenti. Il rutilo \u00e8 il pigmento pi\u00f9 bianco e otticamente opaco del suo genere.<\/p>\n<ul>\n<li>Contenuto 50 ml o 100 ml<\/li>\n<li>Vegano\/nessun test sugli animali<\/li>\n<li>Niente acrilati<\/li>\n<li>Conformit\u00e0 legale ResAP(2008)1<\/li>\n<li>Prodotto in Austria<\/li>\n<li>Con una finestra per visualizzare il contenuto<\/li>\n<\/ul>\n<p>Valori minimi di metalli pesanti, IPA e ammine aromatiche entro limiti specificati ResAP (2008) 1. Preparato per l&#039;imminente, ancora pi\u00f9 severa raccomandazione normativa dell&#039;ECHA.<br \/>\n\u200d<br \/>\nIngredienti: AQUA, PROPYLENE GLYCOL, CI 77266, 1,2-HEXANEDIOL, PVP, PEG\/PPG-8\/17 COPOLYMER, SIMETHICONE<br \/>\n\u200d<br \/>\nAvvertenza: gli inchiostri per tatuaggi o gli ingredienti in essi contenuti possono causare reazioni allergiche e devono essere valutati da un medico. Contiene tracce di nichel e cromo. Pu\u00f2 causare reazioni allergiche. Destinato solo a tatuatori professionisti e professionisti.<\/p>","protected":false},"excerpt":{"rendered":"<p>&quot;Pasta di rutilo bianco&quot; - colore bianco. Realizzato con la modifica di altissima qualit\u00e0 del biossido di titanio, rutilo. \u00c8 perfetto per impostare gli accenti. Il rutilo \u00e8 il pigmento pi\u00f9 bianco e otticamente opaco del suo genere.<\/p>\n<ul>\n<li>Vegano\/nessun test sugli animali<\/li>\n<li>Niente acrilati<\/li>\n<li>Conformit\u00e0 legale ResAP(2008)1<\/li>\n<li>Prodotto in Austria<\/li>\n<li>Con una finestra per visualizzare il contenuto<\/li>\n<\/ul>","protected":false},"featured_media":37925,"template":"","meta":{"_seopress_robots_primary_cat":"none","_seopress_titles_title":"I AM INK - 0 BELA - Carantania Tattoo","_seopress_titles_desc":"Narejena iz najkakovostnej\u0161e modifikacije titanovega dioksida, rutila.  Rutil je najbolj bel in opti\u010dno najbolj neprozoren pigment te vrste.","_seopress_robots_index":""},"product_brand":[],"product_cat":[495,493],"product_tag":[],"class_list":{"0":"post-37915","1":"product","2":"type-product","3":"status-publish","4":"has-post-thumbnail","6":"product_cat-i-am-ink-tattoo-barve-eu","7":"product_cat-tattoo-barve-eu","8":"entry","9":"has-media","11":"first","12":"outofstock","13":"taxable","14":"shipping-taxable","15":"product-type-variable"},"_links":{"self":[{"href":"https:\/\/www.carantaniatattoo.com\/it\/wp-json\/wp\/v2\/product\/37915","targetHints":{"allow":["GET"]}}],"collection":[{"href":"https:\/\/www.carantaniatattoo.com\/it\/wp-json\/wp\/v2\/product"}],"about":[{"href":"https:\/\/www.carantaniatattoo.com\/it\/wp-json\/wp\/v2\/types\/product"}],"version-history":[{"count":0,"href":"https:\/\/www.carantaniatattoo.com\/it\/wp-json\/wp\/v2\/product\/37915\/revisions"}],"wp:featuredmedia":[{"embeddable":true,"href":"https:\/\/www.carantaniatattoo.com\/it\/wp-json\/wp\/v2\/media\/37925"}],"wp:attachment":[{"href":"https:\/\/www.carantaniatattoo.com\/it\/wp-json\/wp\/v2\/media?parent=37915"}],"wp:term":[{"taxonomy":"product_brand","embeddable":true,"href":"https:\/\/www.carantaniatattoo.com\/it\/wp-json\/wp\/v2\/product_brand?post=37915"},{"taxonomy":"product_cat","embeddable":true,"href":"https:\/\/www.carantaniatattoo.com\/it\/wp-json\/wp\/v2\/product_cat?post=37915"},{"taxonomy":"product_tag","embeddable":true,"href":"https:\/\/www.carantaniatattoo.com\/it\/wp-json\/wp\/v2\/product_tag?post=37915"}],"curies":[{"name":"wp","href":"https:\/\/api.w.org\/{rel}","templated":true}]}}