{"id":38995,"date":"2022-02-24T23:37:08","date_gmt":"2022-02-24T23:37:08","guid":{"rendered":"https:\/\/www.7shop.si\/tattoo\/?post_type=product&#038;p=38995"},"modified":"2025-01-09T09:46:25","modified_gmt":"2025-01-09T09:46:25","slug":"hornet-foam-220ml","status":"publish","type":"product","link":"https:\/\/www.carantaniatattoo.com\/it\/trgovina\/igiene\/mila\/schiuma-di-calabrone-220ml\/","title":{"rendered":"Schiuma di calabrone 220ml"},"content":{"rendered":"<h3>Schiuma di calabrone \u2013 220 ml<\/h3>\n<p>La schiuma al miele ideale per idratare la pelle e ridurre gli arrossamenti. Con l&#039;inconfondibile aroma del miele, fornir\u00e0 una sensazione di ristoro alla persona tatuata.<\/p>\n<p>Prodotto in Spagna.<\/p>","protected":false},"excerpt":{"rendered":"<p>Hornet Foam &#8211; 220ml Idealna medena pena za vla\u017eenje ko\u017ee in zmanj\u0161anje rde\u010dice. Z nezgre\u0161ljivo aromo medu bo zagotovila ob\u010dutek osve\u017eitve tetovirane osebe. Proizvedeno v \u0160paniji.<\/p>","protected":false},"featured_media":38997,"template":"","meta":{"_seopress_robots_primary_cat":"","_seopress_titles_title":"Hornet Foam 220ml Carantania tattoo professional equipment","_seopress_titles_desc":"Idealna medena pena za vla\u017eenje ko\u017ee in zmanj\u0161anje rde\u010dice. Z nezgre\u0161ljivo aromo medu bo zagotovila ob\u010dutek osve\u017eitve tetovirane osebe.","_seopress_robots_index":""},"product_brand":[],"product_cat":[206,239],"product_tag":[],"class_list":{"0":"post-38995","1":"product","2":"type-product","3":"status-publish","4":"has-post-thumbnail","6":"product_cat-higiena","7":"product_cat-mila","8":"entry","9":"has-media","11":"first","12":"outofstock","13":"sale","14":"taxable","15":"shipping-taxable","16":"purchasable","17":"product-type-simple"},"_links":{"self":[{"href":"https:\/\/www.carantaniatattoo.com\/it\/wp-json\/wp\/v2\/product\/38995","targetHints":{"allow":["GET"]}}],"collection":[{"href":"https:\/\/www.carantaniatattoo.com\/it\/wp-json\/wp\/v2\/product"}],"about":[{"href":"https:\/\/www.carantaniatattoo.com\/it\/wp-json\/wp\/v2\/types\/product"}],"version-history":[{"count":0,"href":"https:\/\/www.carantaniatattoo.com\/it\/wp-json\/wp\/v2\/product\/38995\/revisions"}],"wp:featuredmedia":[{"embeddable":true,"href":"https:\/\/www.carantaniatattoo.com\/it\/wp-json\/wp\/v2\/media\/38997"}],"wp:attachment":[{"href":"https:\/\/www.carantaniatattoo.com\/it\/wp-json\/wp\/v2\/media?parent=38995"}],"wp:term":[{"taxonomy":"product_brand","embeddable":true,"href":"https:\/\/www.carantaniatattoo.com\/it\/wp-json\/wp\/v2\/product_brand?post=38995"},{"taxonomy":"product_cat","embeddable":true,"href":"https:\/\/www.carantaniatattoo.com\/it\/wp-json\/wp\/v2\/product_cat?post=38995"},{"taxonomy":"product_tag","embeddable":true,"href":"https:\/\/www.carantaniatattoo.com\/it\/wp-json\/wp\/v2\/product_tag?post=38995"}],"curies":[{"name":"wp","href":"https:\/\/api.w.org\/{rel}","templated":true}]}}