{"id":38999,"date":"2022-02-24T23:39:45","date_gmt":"2022-02-24T23:39:45","guid":{"rendered":"https:\/\/www.7shop.si\/tattoo\/?post_type=product&#038;p=38999"},"modified":"2025-07-07T09:47:33","modified_gmt":"2025-07-07T09:47:33","slug":"hornet-razprsilec","status":"publish","type":"product","link":"https:\/\/www.carantaniatattoo.com\/it\/trgovina\/pripomocki-za-delo\/posodice-za-barve-in-igle\/spruzzatore-di-calabroni-2\/","title":{"rendered":"Spruzzatore di calabroni"},"content":{"rendered":"<p>Spruzzatore per calabroni 550ml<\/p>\n<p>Lo spruzzatore, dal design comodo e stabile, perch\u00e9 l&#039;acqua rimane nella parte inferiore, il che lo rende pi\u00f9 stabile sul tavolo da tatuaggio, nel carrello.. Inoltre, il suo design e il suo design lo rendono unico e impressionante alla vista, sia per il tatuatore che per la persona che si fa tatuare.<\/p>\n<p>Visita la nostra pagina Facebook <a href=\"https:\/\/www.facebook.com\/CarantaniaSlovenia\/\">Carantania Slovenia<\/a><\/p>","protected":false},"excerpt":{"rendered":"<p>Hornet razpr\u0161ilec 550ml Razpr\u0161ilka, z udobnim in stabilnim dizajnom, saj voda ostane v spodnjem delu, zaradi \u010desar je bolj stabilen na mizici za tetoviranje, v vozi\u010dku.. Poleg tega je zaradi njegove zasnove in dizajna edinstven in impresiven za oko, tako umetnika tetoviranja kot osebe, ki je tetovirana. Obi\u0161\u010dite na\u0161o facebook stran Carantania Slovenija<\/p>","protected":false},"featured_media":39001,"template":"","meta":{"_seopress_robots_primary_cat":"none","_seopress_titles_title":"Hornet razpr\u0161ilec 550ml Carantania tattoo professional equipment","_seopress_titles_desc":"Razpr\u0161ilka, z udobnim in stabilnim dizajnom, saj voda ostane v spodnjem delu, zaradi \u010desar je bolj stabilen na mizici za tetoviranje, v vozi\u010dku.. Poleg tega je zaradi njegove zasnove in dizajna edinstven in impresiven za oko, tako umetnika tetoviranja kot osebe, ki je tetovirana.","_seopress_robots_index":""},"product_brand":[],"product_cat":[223,209],"product_tag":[],"class_list":{"0":"post-38999","1":"product","2":"type-product","3":"status-publish","4":"has-post-thumbnail","6":"product_cat-posodice-za-barve-in-igle","7":"product_cat-pripomocki-za-delo","8":"entry","9":"has-media","11":"first","12":"instock","13":"sale","14":"taxable","15":"shipping-taxable","16":"purchasable","17":"product-type-simple"},"_links":{"self":[{"href":"https:\/\/www.carantaniatattoo.com\/it\/wp-json\/wp\/v2\/product\/38999","targetHints":{"allow":["GET"]}}],"collection":[{"href":"https:\/\/www.carantaniatattoo.com\/it\/wp-json\/wp\/v2\/product"}],"about":[{"href":"https:\/\/www.carantaniatattoo.com\/it\/wp-json\/wp\/v2\/types\/product"}],"version-history":[{"count":0,"href":"https:\/\/www.carantaniatattoo.com\/it\/wp-json\/wp\/v2\/product\/38999\/revisions"}],"wp:featuredmedia":[{"embeddable":true,"href":"https:\/\/www.carantaniatattoo.com\/it\/wp-json\/wp\/v2\/media\/39001"}],"wp:attachment":[{"href":"https:\/\/www.carantaniatattoo.com\/it\/wp-json\/wp\/v2\/media?parent=38999"}],"wp:term":[{"taxonomy":"product_brand","embeddable":true,"href":"https:\/\/www.carantaniatattoo.com\/it\/wp-json\/wp\/v2\/product_brand?post=38999"},{"taxonomy":"product_cat","embeddable":true,"href":"https:\/\/www.carantaniatattoo.com\/it\/wp-json\/wp\/v2\/product_cat?post=38999"},{"taxonomy":"product_tag","embeddable":true,"href":"https:\/\/www.carantaniatattoo.com\/it\/wp-json\/wp\/v2\/product_tag?post=38999"}],"curies":[{"name":"wp","href":"https:\/\/api.w.org\/{rel}","templated":true}]}}