{"id":42692,"date":"2022-07-12T12:36:09","date_gmt":"2022-07-12T12:36:09","guid":{"rendered":"https:\/\/www.carantaniatattoo.com\/?post_type=product&#038;p=42692"},"modified":"2025-08-07T12:22:30","modified_gmt":"2025-08-07T12:22:30","slug":"ez-tacts-penice-za-kartusne-igle-6","status":"publish","type":"product","link":"https:\/\/www.carantaniatattoo.com\/it\/trgovina\/nastavki-za-tattoo-igle\/ez-gripi\/ez-tacts-matite-per-aghi-cartuccia-6\/","title":{"rendered":"CALZATURE CON AGO CARTUCCIA EZ TACTS"},"content":{"rendered":"<p>CALZATURE CON AGO CARTUCCIA EZ TACTS<\/p>\n<p>Presentazione dei collant EZ Tact. Semplice memory foam progettato per essere utilizzato su aghi da ricamo. Metti il perno sull&#039;ago della cartuccia per una presa migliore. I tatti EZ forniscono una presa migliore e dita meno dolorose. La schiuma si modella in base alla presa e protegge cos\u00ec le dita, poich\u00e9 assorbe bene le vibrazioni e gli urti della macchina. Usando i perni, ottieni un maggiore controllo sull&#039;ago della cartuccia, poich\u00e9 non cambier\u00e0 la sua posizione (perch\u00e9 \u00e8 stretto). La sofisticata memory foam protegge e protegge le dita, offre comfort, protegge dalla sindrome del tunnel carpale e dall&#039;intorpidimento delle dita e protegge anche dalle vesciche delle dita dei piedi.<\/p>\n<p>Compatibile con la maggior parte degli aghi a cartuccia presenti sul mercato.<\/p>\n<p>Potresti essere interessato <a href=\"https:\/\/www.carantaniatattoo.com\/it\/trgovina\/nastavki-za-tattoo-igle\/ego-gripi\/limpugnatura-in-memory-foam-ego-copre-liscia\/\">Influenza dell&#039;ego<\/a>, che, come i tattici EZ, sono realizzati in memory foam.<\/p>\n<p>&nbsp;<\/p>\n<p>&nbsp;<\/p>","protected":false},"excerpt":{"rendered":"<p>CALZATURE CON AGO CARTUCCIA EZ TACTS<\/p>\n<p>Penico nataknete na kartu\u0161no iglo, za bolj\u0161i oprijem. EZ tacts omogo\u010dajo bolj\u0161i oprijem ter manj bole\u010de prste. Pena se oblikuje glede na va\u0161 oprijem in s tem \u0161\u010diti prste, saj dobro bla\u017ei vibracije in udarce ma\u0161inice. Z uporabo penic pridobite ve\u010dji nadzor nad kartu\u0161no iglo, saj le-ta ne bo spreminjala svoje lege (ker je tesno oprijeta). Prefinjena spominska pena varuje in \u0161\u010diti prste, nudi udobje, \u0161\u010diti pred sindromom karpalnega kanala in otrplostjo v prstih, prav tako \u0161\u010diti pred \u017eulji na prstih.<\/p>\n<p>Compatibile con la maggior parte degli aghi a cartuccia presenti sul mercato.<\/p>","protected":false},"featured_media":42715,"template":"","meta":{"_seopress_robots_primary_cat":"none","_seopress_titles_title":"EZ TACTS PENICE ZA KARTU\u0160NE IGLE ","_seopress_titles_desc":"EZ TACTS PENICE  nataknete na kartu\u0161no iglo. Izdelano iz spominske pene. EZ tacts nudi bolj\u0161i oprijem, manj bole\u010de prste, za\u0161\u010dito pred vibracijami in udarci.","_seopress_robots_index":""},"product_brand":[],"product_cat":[508,219],"product_tag":[478,506],"class_list":{"0":"post-42692","1":"product","2":"type-product","3":"status-publish","4":"has-post-thumbnail","6":"product_cat-ez-gripi","7":"product_cat-nastavki-za-tattoo-igle","8":"product_tag-izpostavljeni-izdelki","9":"product_tag-novosti","10":"entry","11":"has-media","13":"first","14":"instock","15":"sale","16":"taxable","17":"shipping-taxable","18":"purchasable","19":"product-type-variable","20":"has-default-attributes"},"_links":{"self":[{"href":"https:\/\/www.carantaniatattoo.com\/it\/wp-json\/wp\/v2\/product\/42692","targetHints":{"allow":["GET"]}}],"collection":[{"href":"https:\/\/www.carantaniatattoo.com\/it\/wp-json\/wp\/v2\/product"}],"about":[{"href":"https:\/\/www.carantaniatattoo.com\/it\/wp-json\/wp\/v2\/types\/product"}],"version-history":[{"count":0,"href":"https:\/\/www.carantaniatattoo.com\/it\/wp-json\/wp\/v2\/product\/42692\/revisions"}],"wp:featuredmedia":[{"embeddable":true,"href":"https:\/\/www.carantaniatattoo.com\/it\/wp-json\/wp\/v2\/media\/42715"}],"wp:attachment":[{"href":"https:\/\/www.carantaniatattoo.com\/it\/wp-json\/wp\/v2\/media?parent=42692"}],"wp:term":[{"taxonomy":"product_brand","embeddable":true,"href":"https:\/\/www.carantaniatattoo.com\/it\/wp-json\/wp\/v2\/product_brand?post=42692"},{"taxonomy":"product_cat","embeddable":true,"href":"https:\/\/www.carantaniatattoo.com\/it\/wp-json\/wp\/v2\/product_cat?post=42692"},{"taxonomy":"product_tag","embeddable":true,"href":"https:\/\/www.carantaniatattoo.com\/it\/wp-json\/wp\/v2\/product_tag?post=42692"}],"curies":[{"name":"wp","href":"https:\/\/api.w.org\/{rel}","templated":true}]}}