{"id":44606,"date":"2022-10-10T12:15:02","date_gmt":"2022-10-10T12:15:02","guid":{"rendered":"https:\/\/www.carantaniatattoo.com\/?post_type=product&#038;p=44606"},"modified":"2025-12-29T10:11:48","modified_gmt":"2025-12-29T10:11:48","slug":"dynamic-union-black-tattoo-ink-240ml","status":"publish","type":"product","link":"https:\/\/www.carantaniatattoo.com\/it\/trgovina\/tattoo-barve-eu\/dynamic-eu\/inchiostro-per-tatuaggi-nero-dynamic-union-da-240-ml\/","title":{"rendered":"Inchiostro per tatuaggi Dynamic Union Black \u2013 240 ml"},"content":{"rendered":"<h4>Inchiostro per tatuaggi Dynamic Union Black \u2013 240 ml<\/h4>\n<p>Una nuova svolta su un vecchio classico. Specificamente formulato per rispettare le normative europee 2022, questo inchiostro conforme a REACH non delude. Estremamente liscio, super ricco con la stessa consistenza degli altri inchiostri per tatuaggi dinamici. Ottimo per le linee e per le aree monocromatiche nere ultra scure.<\/p>\n<p>Prodotto negli Stati Uniti. L&#039;inchiostro per tatuaggi Dynmic Union Black \u00e8 considerato uno dei pigmenti pi\u00f9 impressionanti sul mercato. Questo inchiostro ad alta resistenza si rimuove facilmente dalla pelle, consentendo la massima velocit\u00e0 di lavoro e una pelle pi\u00f9 pulita. Con Dynamic UNB nel tuo ago, l&#039;unico limite \u00e8 la tua immaginazione.<\/p>\n<p>Caratteristiche:<\/p>\n<p>Inchiostri pre-spruzzati di qualit\u00e0 professionale: Prodotto negli Stati Uniti, Dynamic Color offre inchiostro per tatuaggi di alta qualit\u00e0 con il contenuto di pigmenti pi\u00f9 impressionante.<\/p>\n<p>Autentici e igienici: tutti gli inchiostri Dynamic Color arrivano in flaconi in PET cristallino con rivestimento anticontraffazione con il logo Dynamic. Anche le termosaldature che proteggono il prodotto sterilizzato riportano il timbro di approvazione Dynamic Color.<\/p>","protected":false},"excerpt":{"rendered":"<h4>Inchiostro per tatuaggi Dynamic Union Black \u2013 240 ml<\/h4>\n<p>Nov pridih stare klasike. To \u010drnilo je skladno z uredbo REACH, ki je posebej oblikovano za skladnost z evropskimi predpisi iz leta 2022, ne razo\u010dara. Izjemno gladko, super bogato z enako konsistenco kot ostala Dynamic tattoo \u010drnila . Odli\u010dna za linije in za enobarvna ultra temna \u010drna obmo\u010dja.<\/p>\n<p>Prodotto negli Stati Uniti. L&#039;inchiostro per tatuaggi Dynmic Union Black \u00e8 considerato uno dei pigmenti pi\u00f9 impressionanti sul mercato. Questo inchiostro ad alta resistenza si rimuove facilmente dalla pelle, consentendo la massima velocit\u00e0 di lavoro e una pelle pi\u00f9 pulita. Con Dynamic UNB nel tuo ago, l&#039;unico limite \u00e8 la tua immaginazione.<\/p>","protected":false},"featured_media":44608,"template":"","meta":{"_seopress_robots_primary_cat":"none","_seopress_titles_title":"Dynamic Union Black Tattoo Ink - 240ml","_seopress_titles_desc":"Dynamic UNB \u010drnilo je skladno z uredbo REACH. Odli\u010dno za linije in za enobarvna ultra temna \u010drna obmo\u010dja.\u010crnilo z visoko odpornostjo se enostavno obri\u0161e s ko\u017ee.","_seopress_robots_index":""},"product_brand":[],"product_cat":[509,477,493],"product_tag":[],"class_list":{"0":"post-44606","1":"product","2":"type-product","3":"status-publish","4":"has-post-thumbnail","6":"product_cat-dynamic-eu","7":"product_cat-izpostavljeni-izdelki","8":"product_cat-tattoo-barve-eu","9":"entry","10":"has-media","12":"first","13":"outofstock","14":"sale","15":"taxable","16":"shipping-taxable","17":"purchasable","18":"product-type-simple"},"_links":{"self":[{"href":"https:\/\/www.carantaniatattoo.com\/it\/wp-json\/wp\/v2\/product\/44606","targetHints":{"allow":["GET"]}}],"collection":[{"href":"https:\/\/www.carantaniatattoo.com\/it\/wp-json\/wp\/v2\/product"}],"about":[{"href":"https:\/\/www.carantaniatattoo.com\/it\/wp-json\/wp\/v2\/types\/product"}],"version-history":[{"count":0,"href":"https:\/\/www.carantaniatattoo.com\/it\/wp-json\/wp\/v2\/product\/44606\/revisions"}],"wp:featuredmedia":[{"embeddable":true,"href":"https:\/\/www.carantaniatattoo.com\/it\/wp-json\/wp\/v2\/media\/44608"}],"wp:attachment":[{"href":"https:\/\/www.carantaniatattoo.com\/it\/wp-json\/wp\/v2\/media?parent=44606"}],"wp:term":[{"taxonomy":"product_brand","embeddable":true,"href":"https:\/\/www.carantaniatattoo.com\/it\/wp-json\/wp\/v2\/product_brand?post=44606"},{"taxonomy":"product_cat","embeddable":true,"href":"https:\/\/www.carantaniatattoo.com\/it\/wp-json\/wp\/v2\/product_cat?post=44606"},{"taxonomy":"product_tag","embeddable":true,"href":"https:\/\/www.carantaniatattoo.com\/it\/wp-json\/wp\/v2\/product_tag?post=44606"}],"curies":[{"name":"wp","href":"https:\/\/api.w.org\/{rel}","templated":true}]}}