{"id":44824,"date":"2022-10-20T13:55:12","date_gmt":"2022-10-20T13:55:12","guid":{"rendered":"https:\/\/www.carantaniatattoo.com\/?post_type=product&#038;p=44824"},"modified":"2025-08-07T12:19:53","modified_gmt":"2025-08-07T12:19:53","slug":"critical-polnilna-postaja-z-baterijama-shorty-3","status":"publish","type":"product","link":"https:\/\/www.carantaniatattoo.com\/it\/trgovina\/napajalniki-stopalke-in-kabli\/napajalniki-za-tattoo-strojcke\/stazione-di-ricarica-critica-con-3-batterie-shorty-2\/","title":{"rendered":"BATTERIA CRITICA, insomma"},"content":{"rendered":"<p><strong>BATTERIA CRITICA, insomma<\/strong>\u00a0non ti lascer\u00e0 indifferente. Con la batteria universale Critical puoi trasformare in un batter d&#039;occhio il tuo tagliabordi rotante in un tagliabordi a batteria.<\/p>\n<ul>\n<li>compatibile con la maggior parte dei rasoi rotanti<\/li>\n<li>Schermo OLED e voltaggio accurato<\/li>\n<li>design ergonomico<\/li>\n<li>utilizza la tecnologia Bluetooth 5.0<\/li>\n<li>disponibile con connessioni RCA e 3,5 mm (Cheyenne)<\/li>\n<li>Nucleo critico = tensione di uscita costante e stabile<\/li>\n<li>doppia base di ricarica opzionale (ricarica tramite cavo incluso)<\/li>\n<li>leggero ed equilibrato<\/li>\n<li>interfaccia utente intuitiva<\/li>\n<li>fino a 5 ore di tatuaggio (a seconda della tensione e dell&#039;utilizzo della macchina)<\/li>\n<li>intervallo di tensione 4,5 V-13 V<\/li>\n<\/ul>\n<p>&nbsp;<\/p>\n<p><strong>Specifiche del prodotto batteria universale:<\/strong><br \/>\nLunghezza: ca. 6,3 cm<br \/>\nLarghezza: ca. 3,2 cm<br \/>\nPeso: ca<br \/>\nColore: nero<br \/>\nCompatibile con batterie RCA e da 3,5 mm.<br \/>\nSi adatta <a href=\"https:\/\/www.carantaniatattoo.com\/it\/trgovina\/napajalniki-stopalke-in-kabli\/napajalniki-za-tattoo-strojcke\/stazione-di-ricarica-critica-per-la-batteria-universale\/\">stazione di ricarica universale.\u00a0<\/a><\/p>\n<p>Specifiche della batteria universale:<br \/>\nDimensioni: 6,3 x 3,2 cm<br \/>\nCavo USB-C<br \/>\nPresa a muro USB-C<br \/>\nColore: nero<\/p>\n<p>1 anno di garanzia del produttore.<\/p>\n<p>*Disponibile su ordinazione.<\/p>\n<p><a href=\"https:\/\/www.youtube.com\/watch?v=MYqmO9ZQW0U\">\u00c8 possibile visualizzare le impostazioni e il funzionamento della batteria su questo collegamento.\u00a0<\/a><\/p>\n<p>&nbsp;<\/p>","protected":false},"excerpt":{"rendered":"<p><strong>BATTERIA CRITICA, insomma<\/strong> non ti lascer\u00e0 indifferente. Con la batteria universale Critical puoi trasformare in un batter d&#039;occhio il tuo tagliabordi rotante in un tagliabordi a batteria. La batteria \u00e8 compatibile con la maggior parte dei rasoi rotanti. Disponibile con connessioni RCA e 3,5 mm (Cheyenne). Nucleo critico = tensione di uscita costante e stabile. Un doppio dock di ricarica \u00e8 opzionale (si ricarica tramite il cavo incluso). Leggero ed equilibrato. Interfaccia utente intuitiva. Fino a 5 ore di tatuaggio (a seconda della tensione e dell&#039;utilizzo della macchina). Intervallo di tensione 4,5 V-13 V.<\/p>","protected":false},"featured_media":44826,"template":"","meta":{"_seopress_robots_primary_cat":"none","_seopress_titles_title":"CRITICAL POLNILNA POSTAJA Z BATERIJAMA &quot;shorty&quot;","_seopress_titles_desc":"Zdru\u017eljiva je z ve\u010dino rotacijskih strojev.Posebej primerne za tiste, ki prisegajo na \u010dim la\u017eje stroj\u010dke.\u00a0Do 5 ur\u00a0 tetoviranja. Priklopna postaja ni obvezna.","_seopress_robots_index":""},"product_brand":[],"product_cat":[217,208],"product_tag":[],"class_list":{"0":"post-44824","1":"product","2":"type-product","3":"status-publish","4":"has-post-thumbnail","6":"product_cat-napajalniki-za-tattoo-strojcke","7":"product_cat-napajalniki-stopalke-in-kabli","8":"entry","9":"has-media","11":"first","12":"instock","13":"sale","14":"taxable","15":"shipping-taxable","16":"purchasable","17":"product-type-variable"},"_links":{"self":[{"href":"https:\/\/www.carantaniatattoo.com\/it\/wp-json\/wp\/v2\/product\/44824","targetHints":{"allow":["GET"]}}],"collection":[{"href":"https:\/\/www.carantaniatattoo.com\/it\/wp-json\/wp\/v2\/product"}],"about":[{"href":"https:\/\/www.carantaniatattoo.com\/it\/wp-json\/wp\/v2\/types\/product"}],"version-history":[{"count":0,"href":"https:\/\/www.carantaniatattoo.com\/it\/wp-json\/wp\/v2\/product\/44824\/revisions"}],"wp:featuredmedia":[{"embeddable":true,"href":"https:\/\/www.carantaniatattoo.com\/it\/wp-json\/wp\/v2\/media\/44826"}],"wp:attachment":[{"href":"https:\/\/www.carantaniatattoo.com\/it\/wp-json\/wp\/v2\/media?parent=44824"}],"wp:term":[{"taxonomy":"product_brand","embeddable":true,"href":"https:\/\/www.carantaniatattoo.com\/it\/wp-json\/wp\/v2\/product_brand?post=44824"},{"taxonomy":"product_cat","embeddable":true,"href":"https:\/\/www.carantaniatattoo.com\/it\/wp-json\/wp\/v2\/product_cat?post=44824"},{"taxonomy":"product_tag","embeddable":true,"href":"https:\/\/www.carantaniatattoo.com\/it\/wp-json\/wp\/v2\/product_tag?post=44824"}],"curies":[{"name":"wp","href":"https:\/\/api.w.org\/{rel}","templated":true}]}}