{"id":45814,"date":"2022-12-13T11:58:51","date_gmt":"2022-12-13T11:58:51","guid":{"rendered":"https:\/\/www.carantaniatattoo.com\/?post_type=product&#038;p=45814"},"modified":"2025-07-07T09:10:36","modified_gmt":"2025-07-07T09:10:36","slug":"equaliser-drop-pen-tattoo-strojcek","status":"publish","type":"product","link":"https:\/\/www.carantaniatattoo.com\/it\/trgovina\/strojcki-za-tetoviranje\/kwadron-equaliser\/macchina-per-tatuaggi-con-penna-a-goccia-equalizzatore\/","title":{"rendered":"Macchina per tatuaggi a penna drop EQUALISER\u2122"},"content":{"rendered":"<p>La penna DROP \u00e8 un nuovo dispositivo per tatuaggi creato da Equaliser, questa volta in una versione potente e senza compromessi. DROP \u00e8 una piccola macchinetta per tatuaggi che non rivela esteriormente il potere nascosto al suo interno.<\/p>\n<p>La custodia \u00e8 molto compatta, ergonomica e si adatta perfettamente alla mano, grazie al fatto che la DROP \u00e8 molto corta (solo 9 cm) e la sua larghezza \u00e8 di 35 mm. Queste dimensioni non sono casuali: grazie a loro la macchina era perfettamente bilanciata e quindi non sentiamo affatto la fatica, anche durante il lavoro a lungo termine.<\/p>\n<p>Il cuore della macchina \u00e8 il motore, l&#039;Equalizer 6W, che garantisce un&#039;azione forte e decisa, ma si comporta bene in ogni stile di tatuaggio e in ogni tipo di lavoro: riempimenti\/colorazioni, ombre, strisce\/linee.<\/p>\n<p>Come tutte le macchinette per tatuaggi Equalizer PEN, la DROP \u00e8 compatibile con tutti i tipi di cartucce.<\/p>\n<p>Specifiche tecniche:<\/p>\n<p>Potenza: 6 W<br \/>\nCorsa: 3,5 mm<br \/>\nEstensione regolabile (sistema a clic): 0-5 mm<br \/>\nPresa RCA nascosta nella custodia<br \/>\nDimensioni: lunghezza solo 9 cm!, larghezza 35 mm<br \/>\nPeso: 180 g<\/p>\n<p>Cavo non incluso (RCA)!<\/p>\n<p>&nbsp;<\/p>\n<p>Potresti anche essere interessato <a href=\"https:\/\/www.carantaniatattoo.com\/it\/trgovina\/strojcki-za-tetoviranje\/kwadron-equaliser\/equaliser-proton-enduro-tattoo-strojcek\/\">Equalizzatore Proton Enduro<\/a> macchinetta per tatuaggi.<\/p>","protected":false},"excerpt":{"rendered":"<p>La penna DROP \u00e8 un nuovo dispositivo per tatuaggi creato da Equaliser, questa volta in una versione potente e senza compromessi. DROP \u00e8 una piccola macchinetta per tatuaggi che non rivela esteriormente il potere nascosto al suo interno.<\/p>","protected":false},"featured_media":45816,"template":"","meta":{"_seopress_robots_primary_cat":"none","_seopress_titles_title":"Equaliser Drop pen %%sep%% tattoo stroj\u010dek v obliki pisala","_seopress_titles_desc":"DROP PEN je nova naprava za tetoviranje, ki jo je ustvaril Equaliser. Majhen tattoo stroj\u010dek, ki navzven ne razkriva mo\u010di. Zdru\u017eljiv z vsemi vrstami kartu\u0161.","_seopress_robots_index":""},"product_brand":[],"product_cat":[211,485,202],"product_tag":[],"class_list":{"0":"post-45814","1":"product","2":"type-product","3":"status-publish","4":"has-post-thumbnail","6":"product_cat-kwadron-equaliser","7":"product_cat-novosti","8":"product_cat-strojcki-za-tetoviranje","9":"entry","10":"has-media","12":"first","13":"instock","14":"sale","15":"taxable","16":"shipping-taxable","17":"purchasable","18":"product-type-simple"},"_links":{"self":[{"href":"https:\/\/www.carantaniatattoo.com\/it\/wp-json\/wp\/v2\/product\/45814","targetHints":{"allow":["GET"]}}],"collection":[{"href":"https:\/\/www.carantaniatattoo.com\/it\/wp-json\/wp\/v2\/product"}],"about":[{"href":"https:\/\/www.carantaniatattoo.com\/it\/wp-json\/wp\/v2\/types\/product"}],"version-history":[{"count":0,"href":"https:\/\/www.carantaniatattoo.com\/it\/wp-json\/wp\/v2\/product\/45814\/revisions"}],"wp:featuredmedia":[{"embeddable":true,"href":"https:\/\/www.carantaniatattoo.com\/it\/wp-json\/wp\/v2\/media\/45816"}],"wp:attachment":[{"href":"https:\/\/www.carantaniatattoo.com\/it\/wp-json\/wp\/v2\/media?parent=45814"}],"wp:term":[{"taxonomy":"product_brand","embeddable":true,"href":"https:\/\/www.carantaniatattoo.com\/it\/wp-json\/wp\/v2\/product_brand?post=45814"},{"taxonomy":"product_cat","embeddable":true,"href":"https:\/\/www.carantaniatattoo.com\/it\/wp-json\/wp\/v2\/product_cat?post=45814"},{"taxonomy":"product_tag","embeddable":true,"href":"https:\/\/www.carantaniatattoo.com\/it\/wp-json\/wp\/v2\/product_tag?post=45814"}],"curies":[{"name":"wp","href":"https:\/\/api.w.org\/{rel}","templated":true}]}}