{"id":46542,"date":"2023-01-18T13:02:08","date_gmt":"2023-01-18T13:02:08","guid":{"rendered":"https:\/\/www.carantaniatattoo.com\/?post_type=product&#038;p=46542"},"modified":"2025-01-31T11:24:23","modified_gmt":"2025-01-31T11:24:23","slug":"tattoomed-tattoo-gel-200ml","status":"publish","type":"product","link":"https:\/\/www.carantaniatattoo.com\/it\/trgovina\/igiene\/vazelini\/gel-per-tatuaggi-tatuato-200ml\/","title":{"rendered":"GEL TATUAGGIO TATUATO 200ml"},"content":{"rendered":"<h4>GEL TATUAGGIO TATUATO 200ml<\/h4>\n<p>Un gel protettivo per la pelle con effetto scorrevole durante il tatuaggio. Gel da tatuaggio professionale per una protezione ottimale della pelle durante il tatuaggio. Tattoo Gel fornisce uno strato di scorrimento ottimale sulla pelle.<\/p>\n<p>Chiunque abbia lavorato con la vaselina sar\u00e0 deliziato dal nuovo gel per tatuaggi. Il gel per tatuaggi mantiene la pelle flessibile durante il tatuaggio e consente di rimuovere il composto in eccesso dal tatuaggio, in modo da avere sempre la migliore visione del tuo lavoro. Il nuovo gel per tatuaggi \u00e8 disponibile nel pratico tubo da 200 ml e pu\u00f2 essere utilizzato anche come cura dopo il tatuaggio. Inoltre, il gel per tatuaggi ha un fresco profumo di lime e rosmarino.<br \/>\nBreve riassunto:<\/p>\n<p>Protezione ottimale della pelle durante il tatuaggio.<br \/>\nFornisce uno strato di scorrimento ottimale sulla pelle.<br \/>\nL&#039;effetto del composto per tatuaggi in eccesso.<br \/>\n100% Vegano.<br \/>\nOttimo effetto scorrevole.<br \/>\nEffetto calmante dovuto al lime e al rosmarino.<\/p>\n<p>Raccomandazione per l&#039;uso:<br \/>\nApplicare uno strato sottile sull&#039;area da tatuare prima del tatuaggio. La procedura pu\u00f2 essere ripetuta pi\u00f9 volte, se necessario, durante il tatuaggio.<\/p>","protected":false},"excerpt":{"rendered":"<h4>GEL TATUAGGIO TATUATO 200ml<\/h4>\n<p>Un gel protettivo per la pelle con effetto scorrevole durante il tatuaggio. Gel da tatuaggio professionale per una protezione ottimale della pelle durante il tatuaggio. Tattoo Gel fornisce uno strato di scorrimento ottimale sulla pelle.<\/p>\n<p>Vsakdo, ki je delal z vazelinom, bo navdu\u0161en nad novim gelom za tetoviranje. Gel za tetoviranje ohranja ko\u017eo pro\u017eno med tetoviranjem in pusti, da se odve\u010dna zmes za tetoviranje odstratni iz tetova\u017ee, tako imate vedno najbolj\u0161i pregled nad svojim delom.<\/p>","protected":false},"featured_media":46565,"template":"","meta":{"_seopress_robots_primary_cat":"none","_seopress_titles_title":"TATTOOMED TATTOO GEL 200ml","_seopress_titles_desc":"Profesionalni gel za tetoviranje,\u00a0 za optimalno za\u0161\u010dito ko\u017ee med tetoviranjem. Tattoo Gel zagotavlja optimalen drsni sloj na ko\u017ei. Razvito posebej za artiste.","_seopress_robots_index":""},"product_brand":[],"product_cat":[194,206,243],"product_tag":[],"class_list":{"0":"post-46542","1":"product","2":"type-product","3":"status-publish","4":"has-post-thumbnail","6":"product_cat-akcija","7":"product_cat-higiena","8":"product_cat-vazelini","9":"entry","10":"has-media","12":"first","13":"instock","14":"sale","15":"taxable","16":"shipping-taxable","17":"purchasable","18":"product-type-simple"},"_links":{"self":[{"href":"https:\/\/www.carantaniatattoo.com\/it\/wp-json\/wp\/v2\/product\/46542","targetHints":{"allow":["GET"]}}],"collection":[{"href":"https:\/\/www.carantaniatattoo.com\/it\/wp-json\/wp\/v2\/product"}],"about":[{"href":"https:\/\/www.carantaniatattoo.com\/it\/wp-json\/wp\/v2\/types\/product"}],"version-history":[{"count":0,"href":"https:\/\/www.carantaniatattoo.com\/it\/wp-json\/wp\/v2\/product\/46542\/revisions"}],"wp:featuredmedia":[{"embeddable":true,"href":"https:\/\/www.carantaniatattoo.com\/it\/wp-json\/wp\/v2\/media\/46565"}],"wp:attachment":[{"href":"https:\/\/www.carantaniatattoo.com\/it\/wp-json\/wp\/v2\/media?parent=46542"}],"wp:term":[{"taxonomy":"product_brand","embeddable":true,"href":"https:\/\/www.carantaniatattoo.com\/it\/wp-json\/wp\/v2\/product_brand?post=46542"},{"taxonomy":"product_cat","embeddable":true,"href":"https:\/\/www.carantaniatattoo.com\/it\/wp-json\/wp\/v2\/product_cat?post=46542"},{"taxonomy":"product_tag","embeddable":true,"href":"https:\/\/www.carantaniatattoo.com\/it\/wp-json\/wp\/v2\/product_tag?post=46542"}],"curies":[{"name":"wp","href":"https:\/\/api.w.org\/{rel}","templated":true}]}}