{"id":46581,"date":"2023-01-19T13:39:04","date_gmt":"2023-01-19T13:39:04","guid":{"rendered":"https:\/\/www.carantaniatattoo.com\/?post_type=product&#038;p=46581"},"modified":"2025-08-28T07:54:33","modified_gmt":"2025-08-28T07:54:33","slug":"hornet-protective-film","status":"publish","type":"product","link":"https:\/\/www.carantaniatattoo.com\/it\/trgovina\/nega-koze-po-tetoviranju\/folije-in-oblizi\/pellicola-protettiva-per-calabrone\/","title":{"rendered":"Pellicola protettiva per calabrone"},"content":{"rendered":"<p>Pellicola protettiva per calabrone 15 cm x 10 m<\/p>\n<p>Il prodotto Hornet Film Protection \u00e8 una pellicola microforata di alta qualit\u00e0. Durante il processo di guarigione, protegge la ferita da batteri e germi, previene gli sfregamenti e impedisce a fattori esterni di interferire con il processo di guarigione.<\/p>\n<p>Caratteristiche:<br \/>\n\u2013 Rotolo da 15 cm di larghezza e 10 m di lunghezza<br \/>\n\u2013 Viene fornito con una taglierina per un facile taglio<br \/>\n\u2013 Arioso<br \/>\n\u2013 Adattabile<br \/>\n\u2013 Impermeabile<br \/>\n\u2013 Il rotolo \u00e8 confezionato sterile<\/p>\n<p>Grazie alla funzione easy-cut potrai tagliare facilmente e comodamente alla misura desiderata, senza bisogno di forbici. Per fare ci\u00f2, attaccare la taglierina fornita con la scatola al bordo della scatola.<\/p>\n<p>Come usare:<br \/>\nPrima dell&#039;applicazione attendere 10 minuti, pulire e asciugare la zona dove applicherete la pellicola. Utilizzare il taglierino della scatola o le forbici per tagliare un pezzo di dimensione adeguata dal rotolo. Assicurati di aggiungere qualche centimetro in pi\u00f9 di pellicola per assicurarti che raggiunga tutti i bordi del tatuaggio. Rimuovere la carta bianca e posizionare delicatamente il lato adesivo della pellicola sulla pelle. Dopo l&#039;applicazione, assicurarsi che i bordi siano saldamente in posizione per fissare la pellicola in posizione. Rimuovere la plastica protettiva sull&#039;altro lato della pellicola e l&#039;applicazione \u00e8 completa. Rimuovi la pellicola dopo 24 ore e inizia con la classica cura del tatuaggio.<\/p>\n<p>RIMOZIONE DELLA FOGLIA:<br \/>\nQuando rimuovi la pellicola, fai attenzione a iniziare a rimuovere da un lato all&#039;altro. Rimuovere la pellicola lentamente, non troppo bruscamente e non troppo velocemente.<\/p>","protected":false},"excerpt":{"rendered":"<p>Pellicola protettiva per calabrone 15 cm x 10 m<\/p>","protected":false},"featured_media":46588,"template":"","meta":{"_seopress_robots_primary_cat":"none","_seopress_titles_title":"Hornet Protective Film 15cmx10m  - Carantania Tattoo","_seopress_titles_desc":"Izdelek Hornet Film Protection je mikro perforirana folija visoke kakovosti. V procesu celjenja \u0161\u010diti rano pred bakterijami in klicami, prepre\u010duje drgnjenje in prepre\u010duje, da bi zunanji dejavniki ovirali proces celjenja.","_seopress_robots_index":""},"product_brand":[],"product_cat":[244,245,206,233],"product_tag":[],"class_list":{"0":"post-46581","1":"product","2":"type-product","3":"status-publish","4":"has-post-thumbnail","6":"product_cat-folije-in-oblizi","7":"product_cat-folije-za-zascito-tetovirane-koze","8":"product_cat-higiena","9":"product_cat-nega-koze-po-tetoviranju","10":"entry","11":"has-media","13":"first","14":"outofstock","15":"sale","16":"taxable","17":"shipping-taxable","18":"purchasable","19":"product-type-simple"},"_links":{"self":[{"href":"https:\/\/www.carantaniatattoo.com\/it\/wp-json\/wp\/v2\/product\/46581","targetHints":{"allow":["GET"]}}],"collection":[{"href":"https:\/\/www.carantaniatattoo.com\/it\/wp-json\/wp\/v2\/product"}],"about":[{"href":"https:\/\/www.carantaniatattoo.com\/it\/wp-json\/wp\/v2\/types\/product"}],"version-history":[{"count":0,"href":"https:\/\/www.carantaniatattoo.com\/it\/wp-json\/wp\/v2\/product\/46581\/revisions"}],"wp:featuredmedia":[{"embeddable":true,"href":"https:\/\/www.carantaniatattoo.com\/it\/wp-json\/wp\/v2\/media\/46588"}],"wp:attachment":[{"href":"https:\/\/www.carantaniatattoo.com\/it\/wp-json\/wp\/v2\/media?parent=46581"}],"wp:term":[{"taxonomy":"product_brand","embeddable":true,"href":"https:\/\/www.carantaniatattoo.com\/it\/wp-json\/wp\/v2\/product_brand?post=46581"},{"taxonomy":"product_cat","embeddable":true,"href":"https:\/\/www.carantaniatattoo.com\/it\/wp-json\/wp\/v2\/product_cat?post=46581"},{"taxonomy":"product_tag","embeddable":true,"href":"https:\/\/www.carantaniatattoo.com\/it\/wp-json\/wp\/v2\/product_tag?post=46581"}],"curies":[{"name":"wp","href":"https:\/\/api.w.org\/{rel}","templated":true}]}}