{"id":47010,"date":"2023-02-06T13:54:59","date_gmt":"2023-02-06T13:54:59","guid":{"rendered":"https:\/\/www.carantaniatattoo.com\/?post_type=product&#038;p=47010"},"modified":"2025-07-02T12:23:47","modified_gmt":"2025-07-02T12:23:47","slug":"intenze-gen-z-light-grass-30ml","status":"publish","type":"product","link":"https:\/\/www.carantaniatattoo.com\/it\/trgovina\/tattoo-barve-eu\/intenze-gen-z\/intenze-gen-con-erba-leggera-30ml\/","title":{"rendered":"INTENZE GEN-Z Erba Chiara 30ml"},"content":{"rendered":"<h4>INTENZE GEN-Z Erba Chiara 30ml<\/h4>\n<p>La linea GEN-Z \u00e8 la nuova linea di colori Intenze, conforme alla normativa europea REACH 2023. Prodotta sotto gli stessi severi controlli di qualit\u00e0 di prima, ma ora soddisfa le nuove normative ancora pi\u00f9 severe.<\/p>\n<p>Perch\u00e9 gli artisti meritano il meglio: se vuoi metterti nei panni dei tuoi clienti, mettiti prima nei tuoi. Sicurezza, qualit\u00e0 e semplicit\u00e0. \u00c8 cos\u00ec che Intenze crea i suoi pigmenti e la sua formulazione per il successo.<\/p>\n<p>Prodotto negli Stati Uniti. Tutti i colori Intenza sono 100 % vegani e non testati sugli animali.<\/p>","protected":false},"excerpt":{"rendered":"<h4>INTENZE GEN-Z Erba Chiara 30ml<\/h4>","protected":false},"featured_media":47011,"template":"","meta":{"_seopress_robots_primary_cat":"none","_seopress_titles_title":"INTENZE GEN-Z  Light Grass 30ml","_seopress_titles_desc":"","_seopress_robots_index":""},"product_brand":[],"product_cat":[504,493],"product_tag":[],"class_list":{"0":"post-47010","1":"product","2":"type-product","3":"status-publish","4":"has-post-thumbnail","6":"product_cat-intenze-gen-z","7":"product_cat-tattoo-barve-eu","8":"entry","9":"has-media","11":"first","12":"instock","13":"sale","14":"taxable","15":"shipping-taxable","16":"purchasable","17":"product-type-simple"},"_links":{"self":[{"href":"https:\/\/www.carantaniatattoo.com\/it\/wp-json\/wp\/v2\/product\/47010","targetHints":{"allow":["GET"]}}],"collection":[{"href":"https:\/\/www.carantaniatattoo.com\/it\/wp-json\/wp\/v2\/product"}],"about":[{"href":"https:\/\/www.carantaniatattoo.com\/it\/wp-json\/wp\/v2\/types\/product"}],"version-history":[{"count":0,"href":"https:\/\/www.carantaniatattoo.com\/it\/wp-json\/wp\/v2\/product\/47010\/revisions"}],"wp:featuredmedia":[{"embeddable":true,"href":"https:\/\/www.carantaniatattoo.com\/it\/wp-json\/wp\/v2\/media\/47011"}],"wp:attachment":[{"href":"https:\/\/www.carantaniatattoo.com\/it\/wp-json\/wp\/v2\/media?parent=47010"}],"wp:term":[{"taxonomy":"product_brand","embeddable":true,"href":"https:\/\/www.carantaniatattoo.com\/it\/wp-json\/wp\/v2\/product_brand?post=47010"},{"taxonomy":"product_cat","embeddable":true,"href":"https:\/\/www.carantaniatattoo.com\/it\/wp-json\/wp\/v2\/product_cat?post=47010"},{"taxonomy":"product_tag","embeddable":true,"href":"https:\/\/www.carantaniatattoo.com\/it\/wp-json\/wp\/v2\/product_tag?post=47010"}],"curies":[{"name":"wp","href":"https:\/\/api.w.org\/{rel}","templated":true}]}}