{"id":48669,"date":"2023-04-12T12:45:56","date_gmt":"2023-04-12T12:45:56","guid":{"rendered":"https:\/\/www.carantaniatattoo.com\/?post_type=product&#038;p=48669"},"modified":"2025-07-25T09:50:28","modified_gmt":"2025-07-25T09:50:28","slug":"i-am-ink-silver-1-3","status":"publish","type":"product","link":"https:\/\/www.carantaniatattoo.com\/it\/trgovina\/tattoo-barve-eu\/i-am-ink-tattoo-barve-eu\/sono-inchiostro-argento-1-3\/","title":{"rendered":"SONO INCHIOSTRO ARGENTO 1 \u2013 3"},"content":{"rendered":"<div data-elementor-type=\"product-post\" data-elementor-id=\"48669\" class=\"elementor elementor-48669\" data-elementor-post-type=\"product\">\n\t\t\t\t\t\t<section class=\"elementor-section elementor-top-section elementor-element elementor-element-70a583fc elementor-section-boxed elementor-section-height-default elementor-section-height-default\" data-id=\"70a583fc\" data-element_type=\"section\" data-settings=\"{&quot;jet_parallax_layout_list&quot;:[]}\">\n\t\t\t\t\t\t<div class=\"elementor-container elementor-column-gap-default\">\n\t\t\t\t\t<div class=\"elementor-column elementor-col-100 elementor-top-column elementor-element elementor-element-29f4ee38\" data-id=\"29f4ee38\" data-element_type=\"column\">\n\t\t\t<div class=\"elementor-widget-wrap elementor-element-populated\">\n\t\t\t\t\t\t<div class=\"elementor-element elementor-element-704fc2d3 elementor-widget elementor-widget-text-editor\" data-id=\"704fc2d3\" data-element_type=\"widget\" data-widget_type=\"text-editor.default\">\n\t\t\t\t<div class=\"elementor-widget-container\">\n\t\t\t\t\t\t\t\t\t<h4>SONO INCHIOSTRO<\/h4><p>Classic B&amp;G \u00e8 costituito da una serie di miscele di acqua e inchiostro a base di inchiostro nero forte. L&#039;evidenziazione con il bianco, ad esempio, non si applica alla classica tecnica B&amp;G.<\/p><p>Con il tatuaggio moderno abbiamo acquisito una nuova prospettiva sulle possibilit\u00e0 e sugli effetti utili dell\u2019arte. Nel corso del tempo, abbiamo visto tatuaggi realistici che avevano sempre pi\u00f9 profondit\u00e0 e opacit\u00e0. Puoi ottenere questi effetti aggiungendo piccole gocce di vernice bianca al tuo inchiostro nero preferito.<\/p><p>Problema: Nella serie Greywash la tonalit\u00e0 pi\u00f9 chiara \u00e8 quella che contiene pi\u00f9 acqua e ha un effetto vernice. La tonalit\u00e0 pi\u00f9 chiara di Silverwash \u00e8 quella che contiene la maggiore quantit\u00e0 di bianco. Quando gli artisti mescolano i propri toni Silverwash sopra un tono Greywash, ci sono ottime possibilit\u00e0 che il tatuaggio guarito risulti chiazzato e il risultato non sar\u00e0 quello previsto.<\/p><p>La seconda generazione di I AM INK - Silverwash - \u00e8 composta da tre Silverwash premiscelati basati sulla prima generazione di I AM INK Greywash. I toni del bianco e del nero vengono miscelati meccanicamente alla perfezione per risultati ottimali.<\/p><p>Silverwash \u00e8 disponibile in tre tonalit\u00e0:<\/p><p>Argento 1: il tono pi\u00f9 leggero basato sulla prima generazione \u201cSumi 1\u201d.<br \/>Silver 2: gamma media basata sulla prima generazione \u201cSumi 2\u201d.<br \/>Silver 3: il tono pi\u00f9 scuro della serie Silverwash, basato sulla prima generazione &quot;Sumi 3&quot;.<\/p><ul><li>Contenuto 50 ml<\/li><li>Vegano e senza acrilato<\/li><li>Prodotto in Austria<\/li><\/ul><p><\/p><\/div><\/div><\/div><\/div><\/div><\/section><\/div> <a href=\"https:\/\/www.carantaniatattoo.com\/it\/trgovina\/tattoo-barve-eu\/i-am-ink-tattoo-barve-eu\/sono-inchiostro-argento-1-3\/#more-48669\" class=\"more-link elementor-more-link\"><span aria-label=\"Continua a leggere I AM INK SILVER 1 &#8211; 3\">(altro&hellip;)<\/span><\/a>","protected":false},"excerpt":{"rendered":"<h4>SONO INCHIOSTRO ARGENTO 1 \u2013 3<\/h4>\n<p>La seconda generazione di I AM INK - Silverwash - \u00e8 composta da tre Silverwash premiscelati basati sulla prima generazione di I AM INK Greywash. I toni del bianco e del nero vengono miscelati meccanicamente alla perfezione per risultati ottimali.<\/p>\n<p>Silverwash \u00e8 disponibile in tre tonalit\u00e0:<\/p>\n<p>Argento 1: il tono pi\u00f9 leggero basato sulla prima generazione \u201cSumi 1\u201d.<br \/>\nSilver 2: gamma media basata sulla prima generazione \u201cSumi 2\u201d.<\/p>\n<p>Silver 3: il tono pi\u00f9 scuro della serie Silverwash, basato sulla prima generazione &quot;Sumi 3&quot;.<\/p>\n<p>&nbsp;<\/p>","protected":false},"featured_media":48770,"template":"","meta":{"_seopress_robots_primary_cat":"none","_seopress_titles_title":"I AM INK SILVER 1 - 3","_seopress_titles_desc":"I AM INK SILVER 1 - 3 | Carantania Tattoo | Vse za tattoo studio na enem mestu. Pri naro\u010dilih nad 100EUR brez stro\u0161kov po\u0161iljanja.","_seopress_robots_index":""},"product_brand":[],"product_cat":[495,493],"product_tag":[],"class_list":{"0":"post-48669","1":"product","2":"type-product","3":"status-publish","4":"has-post-thumbnail","6":"product_cat-i-am-ink-tattoo-barve-eu","7":"product_cat-tattoo-barve-eu","8":"entry","9":"has-media","11":"first","12":"outofstock","13":"taxable","14":"shipping-taxable","15":"product-type-variable"},"_links":{"self":[{"href":"https:\/\/www.carantaniatattoo.com\/it\/wp-json\/wp\/v2\/product\/48669","targetHints":{"allow":["GET"]}}],"collection":[{"href":"https:\/\/www.carantaniatattoo.com\/it\/wp-json\/wp\/v2\/product"}],"about":[{"href":"https:\/\/www.carantaniatattoo.com\/it\/wp-json\/wp\/v2\/types\/product"}],"version-history":[{"count":0,"href":"https:\/\/www.carantaniatattoo.com\/it\/wp-json\/wp\/v2\/product\/48669\/revisions"}],"wp:featuredmedia":[{"embeddable":true,"href":"https:\/\/www.carantaniatattoo.com\/it\/wp-json\/wp\/v2\/media\/48770"}],"wp:attachment":[{"href":"https:\/\/www.carantaniatattoo.com\/it\/wp-json\/wp\/v2\/media?parent=48669"}],"wp:term":[{"taxonomy":"product_brand","embeddable":true,"href":"https:\/\/www.carantaniatattoo.com\/it\/wp-json\/wp\/v2\/product_brand?post=48669"},{"taxonomy":"product_cat","embeddable":true,"href":"https:\/\/www.carantaniatattoo.com\/it\/wp-json\/wp\/v2\/product_cat?post=48669"},{"taxonomy":"product_tag","embeddable":true,"href":"https:\/\/www.carantaniatattoo.com\/it\/wp-json\/wp\/v2\/product_tag?post=48669"}],"curies":[{"name":"wp","href":"https:\/\/api.w.org\/{rel}","templated":true}]}}