{"id":49838,"date":"2023-06-06T13:33:18","date_gmt":"2023-06-06T13:33:18","guid":{"rendered":"https:\/\/www.carantaniatattoo.com\/?post_type=product&#038;p=49838"},"modified":"2025-07-02T10:58:01","modified_gmt":"2025-07-02T10:58:01","slug":"ez-p3-kartusni-rotacijski-strojcek-pen","status":"publish","type":"product","link":"https:\/\/www.carantaniatattoo.com\/it\/trgovina\/strojcki-za-tetoviranje\/ez-tattoo\/penna-rotante-a-cartuccia-ez-p3\/","title":{"rendered":"MACCHINA ROTATIVA A CARTUCCIA EZ P3 - Pen"},"content":{"rendered":"<h1>EZ P3<\/h1>\n<p>La macchinetta per tatuaggi wireless P3 \u00e8 realizzata in eccellente alluminio aeronautico, timer integrato e motore EZ coreless personalizzato, resistente, durevole e stabile, per un&#039;esperienza migliore. La macchina pu\u00f2 regolare la tensione sull&#039;impostazione di tensione salvata durante l&#039;arresto e la tensione iniziale \u00e8 la tensione preimpostata dell&#039;ultimo arresto. Pu\u00f2 registrare molto bene le tue abitudini di lavoro del tatuaggio e diventare il tuo braccio destro al lavoro.<\/p>\n<p>&nbsp;<\/p>\n<h4>PENNA PER TATUAGGIO EZ<\/h4>\n<p>* \u00c8 installato il cablaggio elettrico destinato alla trasmissione dell&#039;elettricit\u00e0<br \/>\n* Sei opzioni di corsa regolabili<br \/>\n*Display digitale OLED<br \/>\n* Funzione di memoria<br \/>\n* Modalit\u00e0 pressione<br \/>\n* Temporizzatore di accensione<\/p>","protected":false},"excerpt":{"rendered":"<h2>Specifiche della macchina<\/h2>\n<p>Motor: Prilagojeni \u0161vicarski motor EZ<br \/>\nMaterial: Material: aluminij za letalstvo<br \/>\nDol\u017eina hoda: od 2,5 mm do 4,0 mm<br \/>\n\u0160est mo\u017enosti nastavljivega hoda: 2,5, 2,6, 2,8, 3,2, 3,6, 4,0 mm<br \/>\nDelovna napetost: 5-12 V DC<br \/>\n\u0160tevilo vrtljajev na minuto: 10000 vrtljajev na minuto \u00b1 10 % Frekvenca stikala: 60-160 Hz<br \/>\nFuga dell&#039;ago: 0 \u2013 4,5 mm<\/p>\n<p>Kapaciteta baterije: 2000 mAh<\/p>\n<p>Tempo di ricarica: 2 ore<\/p>\n<p>\u010cas delovanja napajalnika: pribli\u017eno 5 ur<\/p>\n<p>PRILO\u017dENO: uporabni\u0161ki priro\u010dnik, P3 X1, kabel za polnjenje baterije tipa C<\/p>","protected":false},"featured_media":49843,"template":"","meta":{"_seopress_robots_primary_cat":"none","_seopress_titles_title":"EZ P3 KARTU\u0160NI ROTACIJSKI STROJ\u010cEK - Pen","_seopress_titles_desc":"EZ motor brez jedra po meri, mo\u010dan, vzdr\u017eljiv in stabilen, kar vam zagotavlja bolj\u0161o izku\u0161njo. Stroj\u010dek \u00a0pomni napetost, ki se je uporabljala nazadnje. ","_seopress_robots_index":""},"product_brand":[],"product_cat":[283,477,485,202],"product_tag":[],"class_list":{"0":"post-49838","1":"product","2":"type-product","3":"status-publish","4":"has-post-thumbnail","6":"product_cat-ez-tattoo","7":"product_cat-izpostavljeni-izdelki","8":"product_cat-novosti","9":"product_cat-strojcki-za-tetoviranje","10":"entry","11":"has-media","13":"first","14":"instock","15":"sale","16":"taxable","17":"shipping-taxable","18":"purchasable","19":"product-type-simple"},"_links":{"self":[{"href":"https:\/\/www.carantaniatattoo.com\/it\/wp-json\/wp\/v2\/product\/49838","targetHints":{"allow":["GET"]}}],"collection":[{"href":"https:\/\/www.carantaniatattoo.com\/it\/wp-json\/wp\/v2\/product"}],"about":[{"href":"https:\/\/www.carantaniatattoo.com\/it\/wp-json\/wp\/v2\/types\/product"}],"version-history":[{"count":0,"href":"https:\/\/www.carantaniatattoo.com\/it\/wp-json\/wp\/v2\/product\/49838\/revisions"}],"wp:featuredmedia":[{"embeddable":true,"href":"https:\/\/www.carantaniatattoo.com\/it\/wp-json\/wp\/v2\/media\/49843"}],"wp:attachment":[{"href":"https:\/\/www.carantaniatattoo.com\/it\/wp-json\/wp\/v2\/media?parent=49838"}],"wp:term":[{"taxonomy":"product_brand","embeddable":true,"href":"https:\/\/www.carantaniatattoo.com\/it\/wp-json\/wp\/v2\/product_brand?post=49838"},{"taxonomy":"product_cat","embeddable":true,"href":"https:\/\/www.carantaniatattoo.com\/it\/wp-json\/wp\/v2\/product_cat?post=49838"},{"taxonomy":"product_tag","embeddable":true,"href":"https:\/\/www.carantaniatattoo.com\/it\/wp-json\/wp\/v2\/product_tag?post=49838"}],"curies":[{"name":"wp","href":"https:\/\/api.w.org\/{rel}","templated":true}]}}