{"id":49931,"date":"2023-06-09T10:36:17","date_gmt":"2023-06-09T10:36:17","guid":{"rendered":"https:\/\/www.carantaniatattoo.com\/?post_type=product&#038;p=49931"},"modified":"2025-07-02T10:55:18","modified_gmt":"2025-07-02T10:55:18","slug":"ez-baterija-evo-tech","status":"publish","type":"product","link":"https:\/\/www.carantaniatattoo.com\/it\/trgovina\/napajalniki-stopalke-in-kabli\/napajalniki-za-tattoo-strojcke\/ez-batteria-evo-tech-2\/","title":{"rendered":"EZ BATTERIA EVO TECH"},"content":{"rendered":"<h2>ALIMENTAZIONE A BATTERIA<\/h2>\n<p>Capacit\u00e0 della batteria: 1600 mAh<\/p>\n<p>Tempo di ricarica: 3,5 ore<br \/>\nTempo di funzionamento dell&#039;alimentatore: circa 450 min<br \/>\nMateriale: Materiale: alluminio per aeronautica<br \/>\nTensione operativa: 5,0 \u2013 12 V CC<br \/>\nDimensioni: 8,5 cm (3,4 pollici) * 3,5 cm (1,4 pollici) * 3,5 cm (1,4 pollici)<br \/>\nGaranzia: 6 mesi<\/p>","protected":false},"excerpt":{"rendered":"<p>Priporo\u010damo, da uporabite prilo\u017eeni polnilni kabel.<br \/>\nTa naprava ne podpira hitrega polnjenja\/superhitrega polnjenja, hitro polnjenje lahko po\u0161koduje baterijo.<br \/>\nLitij-lonski baterijski paketi so dobavljeni delno napolnjeni. Pred uporabo prvi\u010d napolnite baterijski paket.<\/p>","protected":false},"featured_media":49932,"template":"","meta":{"_seopress_robots_primary_cat":"none","_seopress_titles_title":"EZ BATERIJA EVO TECH ","_seopress_titles_desc":"Priro\u010dna uporaba, precej dolg \u010das uporabe. Sedaj ne boste potrebovali napajalnika. Polnjenje z USB kablom, ki je prilo\u017een.","_seopress_robots_index":""},"product_brand":[],"product_cat":[217,208,485],"product_tag":[],"class_list":{"0":"post-49931","1":"product","2":"type-product","3":"status-publish","4":"has-post-thumbnail","6":"product_cat-napajalniki-za-tattoo-strojcke","7":"product_cat-napajalniki-stopalke-in-kabli","8":"product_cat-novosti","9":"entry","10":"has-media","12":"first","13":"instock","14":"sale","15":"taxable","16":"shipping-taxable","17":"purchasable","18":"product-type-simple"},"_links":{"self":[{"href":"https:\/\/www.carantaniatattoo.com\/it\/wp-json\/wp\/v2\/product\/49931","targetHints":{"allow":["GET"]}}],"collection":[{"href":"https:\/\/www.carantaniatattoo.com\/it\/wp-json\/wp\/v2\/product"}],"about":[{"href":"https:\/\/www.carantaniatattoo.com\/it\/wp-json\/wp\/v2\/types\/product"}],"version-history":[{"count":0,"href":"https:\/\/www.carantaniatattoo.com\/it\/wp-json\/wp\/v2\/product\/49931\/revisions"}],"wp:featuredmedia":[{"embeddable":true,"href":"https:\/\/www.carantaniatattoo.com\/it\/wp-json\/wp\/v2\/media\/49932"}],"wp:attachment":[{"href":"https:\/\/www.carantaniatattoo.com\/it\/wp-json\/wp\/v2\/media?parent=49931"}],"wp:term":[{"taxonomy":"product_brand","embeddable":true,"href":"https:\/\/www.carantaniatattoo.com\/it\/wp-json\/wp\/v2\/product_brand?post=49931"},{"taxonomy":"product_cat","embeddable":true,"href":"https:\/\/www.carantaniatattoo.com\/it\/wp-json\/wp\/v2\/product_cat?post=49931"},{"taxonomy":"product_tag","embeddable":true,"href":"https:\/\/www.carantaniatattoo.com\/it\/wp-json\/wp\/v2\/product_tag?post=49931"}],"curies":[{"name":"wp","href":"https:\/\/api.w.org\/{rel}","templated":true}]}}