{"id":53299,"date":"2023-12-28T11:39:27","date_gmt":"2023-12-28T11:39:27","guid":{"rendered":"https:\/\/www.carantaniatattoo.com\/trgovina\/nekategorizirano\/intenze-gen-z-light-green-30ml-copy-copy-copy-copy\/"},"modified":"2025-07-02T10:30:38","modified_gmt":"2025-07-02T10:30:38","slug":"intenze-gen-z-retro-30ml","status":"publish","type":"product","link":"https:\/\/www.carantaniatattoo.com\/it\/trgovina\/tattoo-barve-eu\/intenze-gen-z\/intenze-gen-z-retro-30ml-2\/","title":{"rendered":"INTENZE GEN-Z Retro 30ml"},"content":{"rendered":"<h4>INTENZE GEN-Z Retro 30ml<\/h4>\n<p>La linea GEN-Z \u00e8 la nuova linea di colori Intenze, conforme alla normativa europea REACH 2023. Prodotta sotto gli stessi severi controlli di qualit\u00e0 di prima, ma ora soddisfa le nuove normative ancora pi\u00f9 severe.<\/p>\n<p>Perch\u00e9 gli artisti meritano il meglio: se vuoi metterti nei panni dei tuoi clienti, mettiti prima nei tuoi. Sicurezza, qualit\u00e0 e semplicit\u00e0. \u00c8 cos\u00ec che Intenze crea i suoi pigmenti e la sua formulazione per il successo.<\/p>\n<p>Prodotto negli Stati Uniti. Tutti i colori Intenza sono 100 % vegani e non testati sugli animali.<\/p>","protected":false},"excerpt":{"rendered":"<p>INTENZE GEN-Z Retro 30ml<\/p>","protected":false},"featured_media":53291,"template":"","meta":{"_seopress_robots_primary_cat":"none","_seopress_titles_title":"INTENZE GEN-Z Retro 30ml ","_seopress_titles_desc":"Linija GEN-Z je nova linija Intenze barv, skladna z eu REACH 2023. Proizvedeno pod enako strogimi nadzori kakovosti kot prej, zdaj izpolnjuje nove predpise.","_seopress_robots_index":""},"product_brand":[],"product_cat":[504,493],"product_tag":[],"class_list":{"0":"post-53299","1":"product","2":"type-product","3":"status-publish","4":"has-post-thumbnail","6":"product_cat-intenze-gen-z","7":"product_cat-tattoo-barve-eu","8":"entry","9":"has-media","11":"first","12":"instock","13":"sale","14":"taxable","15":"shipping-taxable","16":"purchasable","17":"product-type-simple"},"_links":{"self":[{"href":"https:\/\/www.carantaniatattoo.com\/it\/wp-json\/wp\/v2\/product\/53299","targetHints":{"allow":["GET"]}}],"collection":[{"href":"https:\/\/www.carantaniatattoo.com\/it\/wp-json\/wp\/v2\/product"}],"about":[{"href":"https:\/\/www.carantaniatattoo.com\/it\/wp-json\/wp\/v2\/types\/product"}],"version-history":[{"count":0,"href":"https:\/\/www.carantaniatattoo.com\/it\/wp-json\/wp\/v2\/product\/53299\/revisions"}],"wp:featuredmedia":[{"embeddable":true,"href":"https:\/\/www.carantaniatattoo.com\/it\/wp-json\/wp\/v2\/media\/53291"}],"wp:attachment":[{"href":"https:\/\/www.carantaniatattoo.com\/it\/wp-json\/wp\/v2\/media?parent=53299"}],"wp:term":[{"taxonomy":"product_brand","embeddable":true,"href":"https:\/\/www.carantaniatattoo.com\/it\/wp-json\/wp\/v2\/product_brand?post=53299"},{"taxonomy":"product_cat","embeddable":true,"href":"https:\/\/www.carantaniatattoo.com\/it\/wp-json\/wp\/v2\/product_cat?post=53299"},{"taxonomy":"product_tag","embeddable":true,"href":"https:\/\/www.carantaniatattoo.com\/it\/wp-json\/wp\/v2\/product_tag?post=53299"}],"curies":[{"name":"wp","href":"https:\/\/api.w.org\/{rel}","templated":true}]}}