{"id":57336,"date":"2024-09-19T09:32:49","date_gmt":"2024-09-19T09:32:49","guid":{"rendered":"https:\/\/www.carantaniatattoo.com\/trgovina\/nekategorizirano\/xtreme-ink-copy\/"},"modified":"2025-10-03T07:52:50","modified_gmt":"2025-10-03T07:52:50","slug":"xtreme-ink-2","status":"publish","type":"product","link":"https:\/\/www.carantaniatattoo.com\/it\/trgovina\/tattoo-barve-eu\/estrema-inc\/inchiostro-estremo-2\/","title":{"rendered":"Inchiostro XTreme LAGUNA BLU 30ml"},"content":{"rendered":"<h4>Laguna Blu<\/h4>\n<p>-Vegano<br \/>\n-Non \u00e8 mai stato testato sugli animali<br \/>\n-Dispersione acquosa del pigmento<br \/>\n-Niente acrilico<br \/>\n-Si applica senza intoppi, rimane della stessa tonalit\u00e0 di colore<br \/>\n-La formula \u00e8 conforme al REACH<\/p>\n<p>Flacone da 30 ml.<\/p>","protected":false},"excerpt":{"rendered":"<h5>Inchiostro XTreme<\/h5>\n<p>\u010crnila Xtreme delujejo brezhibno; njihova viskoznost omogo\u010da, da \u010drnilo gladko in u\u010dinkovito prodre v ko\u017eo.<br \/>\nZato se tetova\u017ee, narejene s \u010drnili Xtreme, zacelijo veliko hitreje kot druge.<\/p>","protected":false},"featured_media":61285,"template":"","meta":{"_seopress_robots_primary_cat":"none","_seopress_titles_title":"XTreme Ink - 30ml - BLUE LAGOON","_seopress_titles_desc":"\u010crnila Xtreme delujejo brezhibno; njihova viskoznost omogo\u010da, da \u010drnilo gladko in u\u010dinkovito prodre v ko\u017eo, tetova\u017ee se zato zacelijo veliko hitreje. ","_seopress_robots_index":""},"product_brand":[],"product_cat":[477,485,493,516],"product_tag":[],"class_list":{"0":"post-57336","1":"product","2":"type-product","3":"status-publish","4":"has-post-thumbnail","6":"product_cat-izpostavljeni-izdelki","7":"product_cat-novosti","8":"product_cat-tattoo-barve-eu","9":"product_cat-xtreme-ink","10":"entry","11":"has-media","13":"first","14":"instock","15":"sale","16":"taxable","17":"shipping-taxable","18":"purchasable","19":"product-type-simple"},"_links":{"self":[{"href":"https:\/\/www.carantaniatattoo.com\/it\/wp-json\/wp\/v2\/product\/57336","targetHints":{"allow":["GET"]}}],"collection":[{"href":"https:\/\/www.carantaniatattoo.com\/it\/wp-json\/wp\/v2\/product"}],"about":[{"href":"https:\/\/www.carantaniatattoo.com\/it\/wp-json\/wp\/v2\/types\/product"}],"version-history":[{"count":0,"href":"https:\/\/www.carantaniatattoo.com\/it\/wp-json\/wp\/v2\/product\/57336\/revisions"}],"wp:featuredmedia":[{"embeddable":true,"href":"https:\/\/www.carantaniatattoo.com\/it\/wp-json\/wp\/v2\/media\/61285"}],"wp:attachment":[{"href":"https:\/\/www.carantaniatattoo.com\/it\/wp-json\/wp\/v2\/media?parent=57336"}],"wp:term":[{"taxonomy":"product_brand","embeddable":true,"href":"https:\/\/www.carantaniatattoo.com\/it\/wp-json\/wp\/v2\/product_brand?post=57336"},{"taxonomy":"product_cat","embeddable":true,"href":"https:\/\/www.carantaniatattoo.com\/it\/wp-json\/wp\/v2\/product_cat?post=57336"},{"taxonomy":"product_tag","embeddable":true,"href":"https:\/\/www.carantaniatattoo.com\/it\/wp-json\/wp\/v2\/product_tag?post=57336"}],"curies":[{"name":"wp","href":"https:\/\/api.w.org\/{rel}","templated":true}]}}