{"id":61853,"date":"2025-07-25T12:46:03","date_gmt":"2025-07-25T12:46:03","guid":{"rendered":"https:\/\/www.carantaniatattoo.com\/trgovina\/nekategorizirano\/bodysupply-rubber-cartridge-round-liner-copy\/"},"modified":"2026-03-26T07:15:41","modified_gmt":"2026-03-26T07:15:41","slug":"bodysupply-rubber-cartridge-round-liner-copy","status":"publish","type":"product","link":"https:\/\/www.carantaniatattoo.com\/it\/trgovina\/igle-za-tetoviranje\/bodysupply-rubber-cartridge\/cartuccia-in-gomma-per-carrozzeria-con-rivestimento-rotondo-2\/","title":{"rendered":"BODYSUPPING CARTUCCIA IN GOMMA ROUND LINER"},"content":{"rendered":"<h4>Aghi per tatuaggio con cartuccia in gomma BodySupply<\/h4>\n<p>Queste cartucce ad ago sono dotate di una punta di estrema precisione e qualit\u00e0, che rende l&#039;ago molto stabile. Sono dotati di membrana di sicurezza per la massima igiene.<br \/>\nSono caratterizzati da un design elegante e da una morbida impugnatura in gomma che garantisce un livello di comfort senza pari.<\/p>\n<p>Monouso e sterili, confezionati singolarmente.<\/p>\n<p>La scatola contiene 20 pezzi.<\/p>","protected":false},"excerpt":{"rendered":"<h4>Cartuccia in gomma BodySupply<\/h4>\n<p>Opremljene so z varnostno membrano za maksimalno higieno.<br \/>\nSono caratterizzati da un design elegante e da una morbida impugnatura in gomma che garantisce un livello di comfort senza pari.<\/p>","protected":false},"featured_media":57166,"template":"","meta":{"_seopress_robots_primary_cat":"none","_seopress_titles_title":"BODYSUPPLY RUBER CARTRIDGE ROUND LINER","_seopress_titles_desc":"Kartu\u0161e igle so opremljene s konico izjemne natan\u010dnosti in kakovosti,zaradi \u010desar je igla zelo stabilna.Opremljene so z varnostno membrano za maksimalno higieno","_seopress_robots_index":""},"product_brand":[],"product_cat":[194,514,197,485],"product_tag":[],"class_list":{"0":"post-61853","1":"product","2":"type-product","3":"status-publish","4":"has-post-thumbnail","6":"product_cat-akcija","7":"product_cat-bodysupply-rubber-cartridge","8":"product_cat-igle-za-tetoviranje","9":"product_cat-novosti","10":"entry","11":"has-media","13":"first","14":"instock","15":"sale","16":"taxable","17":"shipping-taxable","18":"purchasable","19":"product-type-variable"},"_links":{"self":[{"href":"https:\/\/www.carantaniatattoo.com\/it\/wp-json\/wp\/v2\/product\/61853","targetHints":{"allow":["GET"]}}],"collection":[{"href":"https:\/\/www.carantaniatattoo.com\/it\/wp-json\/wp\/v2\/product"}],"about":[{"href":"https:\/\/www.carantaniatattoo.com\/it\/wp-json\/wp\/v2\/types\/product"}],"version-history":[{"count":0,"href":"https:\/\/www.carantaniatattoo.com\/it\/wp-json\/wp\/v2\/product\/61853\/revisions"}],"wp:featuredmedia":[{"embeddable":true,"href":"https:\/\/www.carantaniatattoo.com\/it\/wp-json\/wp\/v2\/media\/57166"}],"wp:attachment":[{"href":"https:\/\/www.carantaniatattoo.com\/it\/wp-json\/wp\/v2\/media?parent=61853"}],"wp:term":[{"taxonomy":"product_brand","embeddable":true,"href":"https:\/\/www.carantaniatattoo.com\/it\/wp-json\/wp\/v2\/product_brand?post=61853"},{"taxonomy":"product_cat","embeddable":true,"href":"https:\/\/www.carantaniatattoo.com\/it\/wp-json\/wp\/v2\/product_cat?post=61853"},{"taxonomy":"product_tag","embeddable":true,"href":"https:\/\/www.carantaniatattoo.com\/it\/wp-json\/wp\/v2\/product_tag?post=61853"}],"curies":[{"name":"wp","href":"https:\/\/api.w.org\/{rel}","templated":true}]}}