{"id":62118,"date":"2025-07-29T09:17:08","date_gmt":"2025-07-29T09:17:08","guid":{"rendered":"https:\/\/www.carantaniatattoo.com\/?post_type=product&#038;p=62118"},"modified":"2025-07-29T09:18:40","modified_gmt":"2025-07-29T09:18:40","slug":"dragonhawk-mast-tour-y22-wireless-pmu-pen","status":"publish","type":"product","link":"https:\/\/www.carantaniatattoo.com\/it\/trgovina\/strojcki-za-tetoviranje\/dragonhawk\/dragonhawk-mast-tour-y22-wireless-pmu-pen\/","title":{"rendered":"Dragonhawk Mast Tour Y22 Wireless PMU Pen"},"content":{"rendered":"<p>Brez\u017ei\u010dna tetova\u017ena naprava Mast Tour Y22 je opremljena s prilagojenim motorjem Mast Coreless, ki podalj\u0161uje njeno \u017eivljenjsko dobo.<br \/>\nNajnovej\u0161a razli\u010dica je tanj\u0161a in la\u017eja, posodobljen zaslon pa poenostavlja upravljanje.<br \/>\nUporablja se lahko v dveh na\u010dinih: brez\u017ei\u010dno z baterijo ali prek kabla RCA.<\/p>\n<p>Hod naprave Mast Tour Y22 je 3,0 mm, kar omogo\u010da veliko vsestranskost pri tetoviranju.<\/p>\n<p>Zmogljivost baterije je 1200 mAh, kar zagotavlja ve\u010d kot 4 ure delovanja, \u010das polnjenja pa je 2 uri.<br \/>\nTa stroj ima izredno nizko porabo energije in omogo\u010da ve\u010dje prihranke energije.<\/p>\n<p>Caratteristiche:<br \/>\n&#8211; Motor: prilagojen Mast Coreless<br \/>\n&#8211; Hod: 3,0 mm<br \/>\n&#8211; Delovni razpon: 5-12 V<br \/>\n&#8211; Rpm: 8 V 10000<br \/>\n&#8211; Zmogljivost baterije: 1200 mAh<br \/>\n&#8211; \u010cas polnjenja: pribli\u017eno 2 uri<br \/>\n&#8211; Ro\u010daj: 23,5 mm<br \/>\n&#8211; Te\u017ea: 138 g<br \/>\n&#8211; Dol\u017eina: 153 mm<br \/>\n&#8211; Brez\u017ei\u010dni ali RCA na\u010din<\/p>\n<p>Komplet vklju\u010duje: 1 stroj Mast Tour Y22, 1 RCA kabel s sponko, 1 USB-C kabel za polnjenje in 1 navodila za uporabo.<\/p>\n<p>&nbsp;<\/p>","protected":false},"excerpt":{"rendered":"<p>Brez\u017ei\u010dna tetova\u017ena naprava Mast Tour Y22 je opremljena s prilagojenim motorjem Mast Coreless, ki podalj\u0161uje njeno \u017eivljenjsko dobo. Najnovej\u0161a razli\u010dica je tanj\u0161a in la\u017eja, posodobljen zaslon pa poenostavlja upravljanje. Uporablja se lahko v dveh na\u010dinih: brez\u017ei\u010dno z baterijo ali prek kabla RCA. Hod naprave Mast Tour Y22 je 3,0 mm, kar omogo\u010da veliko vsestranskost pri [&hellip;]<\/p>","protected":false},"featured_media":62123,"template":"","meta":{"_seopress_robots_primary_cat":"none","_seopress_titles_title":"","_seopress_titles_desc":"","_seopress_robots_index":""},"product_brand":[],"product_cat":[515,202],"product_tag":[],"class_list":{"0":"post-62118","1":"product","2":"type-product","3":"status-publish","4":"has-post-thumbnail","6":"product_cat-dragonhawk","7":"product_cat-strojcki-za-tetoviranje","8":"entry","9":"has-media","11":"first","12":"instock","13":"sale","14":"taxable","15":"shipping-taxable","16":"purchasable","17":"product-type-variable"},"_links":{"self":[{"href":"https:\/\/www.carantaniatattoo.com\/it\/wp-json\/wp\/v2\/product\/62118","targetHints":{"allow":["GET"]}}],"collection":[{"href":"https:\/\/www.carantaniatattoo.com\/it\/wp-json\/wp\/v2\/product"}],"about":[{"href":"https:\/\/www.carantaniatattoo.com\/it\/wp-json\/wp\/v2\/types\/product"}],"version-history":[{"count":0,"href":"https:\/\/www.carantaniatattoo.com\/it\/wp-json\/wp\/v2\/product\/62118\/revisions"}],"wp:featuredmedia":[{"embeddable":true,"href":"https:\/\/www.carantaniatattoo.com\/it\/wp-json\/wp\/v2\/media\/62123"}],"wp:attachment":[{"href":"https:\/\/www.carantaniatattoo.com\/it\/wp-json\/wp\/v2\/media?parent=62118"}],"wp:term":[{"taxonomy":"product_brand","embeddable":true,"href":"https:\/\/www.carantaniatattoo.com\/it\/wp-json\/wp\/v2\/product_brand?post=62118"},{"taxonomy":"product_cat","embeddable":true,"href":"https:\/\/www.carantaniatattoo.com\/it\/wp-json\/wp\/v2\/product_cat?post=62118"},{"taxonomy":"product_tag","embeddable":true,"href":"https:\/\/www.carantaniatattoo.com\/it\/wp-json\/wp\/v2\/product_tag?post=62118"}],"curies":[{"name":"wp","href":"https:\/\/api.w.org\/{rel}","templated":true}]}}