{"id":62258,"date":"2025-08-04T09:35:57","date_gmt":"2025-08-04T09:35:57","guid":{"rendered":"https:\/\/www.carantaniatattoo.com\/trgovina\/nekategorizirano\/emalla-eliot-cartridge-round-shader-copy\/"},"modified":"2026-03-06T08:56:01","modified_gmt":"2026-03-06T08:56:01","slug":"emalla-eliot-cartridge-round-shader-copy","status":"publish","type":"product","link":"https:\/\/www.carantaniatattoo.com\/it\/trgovina\/igle-za-tetoviranje\/emalla-eliot-cartridge\/shader-rotondo-con-cartuccia-emalla-eliot\/","title":{"rendered":"CARTUCCIA EMALLA ELIOT SHADER TONDO"},"content":{"rendered":"<p>Aghi a cartuccia Emalla Eliot con membrana morbida e ispessita, ideali per tutti i tipi di lavoro, dalla creazione di linee alla pittura.<\/p>\n<p>Sterili e confezionati singolarmente.<\/p>\n<p>Scatola da 20 pezzi.<\/p>","protected":false},"excerpt":{"rendered":"<p>Emalla Elliot Cartridge<\/p>\n<p>Caratteristiche:<br \/>\n&#8211; Visokokakovostne igle iz nerjave\u010dega jekla, z ostrimi konicami in trdnim zvarom.<br \/>\n&#8211; Izjemno mo\u010dna in lahka plastika, ki jo uporabljajo tudi v medicini.<br \/>\n&#8211; Prilagodljiva troslojna membrana za dodatno varnost.<\/p>","protected":false},"featured_media":57077,"template":"","meta":{"_seopress_robots_primary_cat":"none","_seopress_titles_title":"EMALLA ELIOT CARTRIDGE ROUND SHADER","_seopress_titles_desc":"Emalla Eliot kartu\u0161ne igle z mehko zgo\u0161\u010deno membrano, idealne za vse vrste dela, od ustvarjanja linij do barvanja. Sterilna in posami\u010dno pakirana. 20 kosov.","_seopress_robots_index":""},"product_brand":[],"product_cat":[513,197,485],"product_tag":[],"class_list":{"0":"post-62258","1":"product","2":"type-product","3":"status-publish","4":"has-post-thumbnail","6":"product_cat-emalla-eliot-cartridge","7":"product_cat-igle-za-tetoviranje","8":"product_cat-novosti","9":"entry","10":"has-media","12":"first","13":"instock","14":"sale","15":"taxable","16":"shipping-taxable","17":"purchasable","18":"product-type-variable"},"_links":{"self":[{"href":"https:\/\/www.carantaniatattoo.com\/it\/wp-json\/wp\/v2\/product\/62258","targetHints":{"allow":["GET"]}}],"collection":[{"href":"https:\/\/www.carantaniatattoo.com\/it\/wp-json\/wp\/v2\/product"}],"about":[{"href":"https:\/\/www.carantaniatattoo.com\/it\/wp-json\/wp\/v2\/types\/product"}],"version-history":[{"count":0,"href":"https:\/\/www.carantaniatattoo.com\/it\/wp-json\/wp\/v2\/product\/62258\/revisions"}],"wp:featuredmedia":[{"embeddable":true,"href":"https:\/\/www.carantaniatattoo.com\/it\/wp-json\/wp\/v2\/media\/57077"}],"wp:attachment":[{"href":"https:\/\/www.carantaniatattoo.com\/it\/wp-json\/wp\/v2\/media?parent=62258"}],"wp:term":[{"taxonomy":"product_brand","embeddable":true,"href":"https:\/\/www.carantaniatattoo.com\/it\/wp-json\/wp\/v2\/product_brand?post=62258"},{"taxonomy":"product_cat","embeddable":true,"href":"https:\/\/www.carantaniatattoo.com\/it\/wp-json\/wp\/v2\/product_cat?post=62258"},{"taxonomy":"product_tag","embeddable":true,"href":"https:\/\/www.carantaniatattoo.com\/it\/wp-json\/wp\/v2\/product_tag?post=62258"}],"curies":[{"name":"wp","href":"https:\/\/api.w.org\/{rel}","templated":true}]}}