{"id":62303,"date":"2025-08-05T07:46:27","date_gmt":"2025-08-05T07:46:27","guid":{"rendered":"https:\/\/www.carantaniatattoo.com\/trgovina\/nekategorizirano\/biotat-natural-numbing-tattoo-glide-envy-copy\/"},"modified":"2025-11-01T00:30:26","modified_gmt":"2025-11-01T00:30:26","slug":"biotat-natural-numbing-tattoo-glide-envy-copy","status":"publish","type":"product","link":"https:\/\/www.carantaniatattoo.com\/it\/trgovina\/igiene\/vazelini\/biotat-naturale-paralizzante-tatuaggio-glide-envy-2\/","title":{"rendered":"Biotat\u00ae Glide per tatuaggi naturali anestetici ENVY"},"content":{"rendered":"<p>Uguale al classico Biotat\u00ae Natural Numbing Tattoo Glide, ma con un tocco di verde.<\/p>\n<p>L&#039;esclusivo unguento vegano Biotat\u00ae Natural Numbing, utilizzato solo dai professionisti durante il processo di tatuaggio per intorpidire l&#039;area.<br \/>\nUsalo come qualsiasi burro da burro o da lavorazione con l&#039;ulteriore vantaggio di intorpidire l&#039;area di applicazione riducendo drasticamente gonfiore e arrossamento.<\/p>\n<p>A differenza dei prodotti a base di lidocaina, non gonfia la pelle, il che renderebbe il tatuaggio pi\u00f9 difficile, e il tuo cliente sar\u00e0 pi\u00f9 rilassato durante il processo di tatuaggio.<\/p>\n<p>Lo scivolo \u00e8 estremamente liscio e non ostruisce gli aghi n\u00e9 cancella la trasmissione. I tatuatori sono artisti che amano lo scorrimento pulito, poich\u00e9 consente un lavoro pi\u00f9 accurato su neri, grigi e colori pi\u00f9 chiari.<\/p>\n<p>Biotat\u00ae \u00e8 il leader mondiale negli unguenti che intorpidiscono naturalmente il sito di applicazione. Usano solo i migliori ingredienti senza coloranti e fragranze artificiali e materiali rispettosi dell&#039;ambiente e di facile utilizzo.<\/p>\n<p>&nbsp;<\/p>\n<p>ISTRUZIONI PER L&#039;USO:<\/p>\n<p>Al termine del processo, rimuovere l&#039;eccesso. Non utilizzare dopo la cura del tatuaggio.<\/p>\n<p>CONTIENE:<br \/>\nOlio minerale, Cera microcristallina, Cera Microcristallina, Glicerina, Olio di germogli di Eugenia Caryophyllus (Chiodi di garofano), Eugenolo, Glicolipidi, Olio di erbe di Lavandula Angustifolia, Isoeugenolo, Linaloolo, Geraniolo, Limonene.<\/p>\n<p>AVVERTENZE:<br \/>\nTenere lontano dalla portata dei bambini e degli animali domestici. Evitare il contorno occhi, in caso di contatto sciacquare immediatamente con acqua. Richiedere assistenza medica in caso di ingestione. Interrompere l&#039;uso se si verifica qualsiasi reazione cutanea. Non utilizzare se si \u00e8 sensibili all&#039;eugenolo.<\/p>\n<p>&nbsp;<\/p>\n<p>&nbsp;<\/p>","protected":false},"excerpt":{"rendered":"<p><strong>Cosa fa Biotat?<\/strong><br \/>\nUtilizzando le potenti propriet\u00e0 anestetiche naturali dei chiodi di garofano, hanno sviluppato una gamma unica di primi prodotti del settore che intorpidiscono e puliscono naturalmente l&#039;area durante e dopo il processo di tatuaggio. Il chiodo di garofano \u00e8 stato accuratamente selezionato per essere estremamente efficace, senza lidocaina o fragranze artificiali. L\u2019olio di chiodi di garofano \u00e8 fantastico per ridurre arrossamenti e infiammazioni, \u00e8 anche antibatterico, antimicotico e antivirale.<\/p>\n<p><strong>Aiuta davvero?<\/strong><br \/>\nOooh s\u00ec, i chiodi di garofano sono molto potenti, hanno propriet\u00e0 antinfiammatorie e antidolorifiche naturali e hanno un ampio spettro di effetti antimicrobici\/detergenti sulla pelle. Tutto questo senza lidocaina.<\/p>\n<p><strong>Qual \u00e8 la differenza tra burro e slider?<\/strong><br \/>\nDrsniki so mehkej\u0161i in se uporabljajo predvsem za postopek tetoviranja. Omogo\u010dajo lepo drsenje po ko\u017ei in olaj\u0161ajo brisanje \u010drnila.<br \/>\nMasla temeljijo na karitejevem maslu in se prav tako uporabljajo za postopek tetoviranja, hkrati pa so odli\u010dna tudi za nego po tetoviranju. Popolnoma druga\u010dna tekstura.<br \/>\nHibrid je na pol poti. Delno maslo in delno drsenje.<\/p>\n<p>&nbsp;<\/p>","protected":false},"featured_media":55362,"template":"","meta":{"_seopress_robots_primary_cat":"none","_seopress_titles_title":"Biotat\u00ae Natural Numbing Tattoo Glide ENVY","_seopress_titles_desc":"Biotat\u00ae Natural Numbing vegansko mazilo, omrtvi\u010di mesto nanosa. Mazilo, ki je uporabniku in okolju prijazno. Popolnoma naravno, brez umetnih dodatkov.","_seopress_robots_index":""},"product_brand":[],"product_cat":[206,477,485,243],"product_tag":[],"class_list":{"0":"post-62303","1":"product","2":"type-product","3":"status-publish","4":"has-post-thumbnail","6":"product_cat-higiena","7":"product_cat-izpostavljeni-izdelki","8":"product_cat-novosti","9":"product_cat-vazelini","10":"entry","11":"has-media","13":"first","14":"instock","15":"sale","16":"taxable","17":"shipping-taxable","18":"purchasable","19":"product-type-variable"},"_links":{"self":[{"href":"https:\/\/www.carantaniatattoo.com\/it\/wp-json\/wp\/v2\/product\/62303","targetHints":{"allow":["GET"]}}],"collection":[{"href":"https:\/\/www.carantaniatattoo.com\/it\/wp-json\/wp\/v2\/product"}],"about":[{"href":"https:\/\/www.carantaniatattoo.com\/it\/wp-json\/wp\/v2\/types\/product"}],"version-history":[{"count":0,"href":"https:\/\/www.carantaniatattoo.com\/it\/wp-json\/wp\/v2\/product\/62303\/revisions"}],"wp:featuredmedia":[{"embeddable":true,"href":"https:\/\/www.carantaniatattoo.com\/it\/wp-json\/wp\/v2\/media\/55362"}],"wp:attachment":[{"href":"https:\/\/www.carantaniatattoo.com\/it\/wp-json\/wp\/v2\/media?parent=62303"}],"wp:term":[{"taxonomy":"product_brand","embeddable":true,"href":"https:\/\/www.carantaniatattoo.com\/it\/wp-json\/wp\/v2\/product_brand?post=62303"},{"taxonomy":"product_cat","embeddable":true,"href":"https:\/\/www.carantaniatattoo.com\/it\/wp-json\/wp\/v2\/product_cat?post=62303"},{"taxonomy":"product_tag","embeddable":true,"href":"https:\/\/www.carantaniatattoo.com\/it\/wp-json\/wp\/v2\/product_tag?post=62303"}],"curies":[{"name":"wp","href":"https:\/\/api.w.org\/{rel}","templated":true}]}}