{"id":62720,"date":"2025-08-26T07:14:57","date_gmt":"2025-08-26T07:14:57","guid":{"rendered":"https:\/\/www.carantaniatattoo.com\/trgovina\/nekategorizirano\/cheyenne-magnum-soft-edge-20kom-copy\/"},"modified":"2026-02-17T08:52:17","modified_gmt":"2026-02-17T08:52:17","slug":"cheyenne-magnum-soft-edge-20kom-copy","status":"publish","type":"product","link":"https:\/\/www.carantaniatattoo.com\/it\/trgovina\/igle-za-tetoviranje\/cheyenne-safety-cartridges-20kom\/cheyenne-magnum-bordo-morbido-20-pz\/","title":{"rendered":"CHEYENNE SAFETY  Soft Edge Magnum 20kom"},"content":{"rendered":"<h4>Cheyenne Magnum Soft Edge 20 pz<\/h4>\n<p>Cheyenne \u2013 CARTUCCE DI SICUREZZA sviluppate appositamente per te. Utilizzando le cartucce Cheyenne, gli unici limiti saranno quelli che ti sarai posto tu! Esistono 56 configurazioni di cartucce per tatuaggi Cheyenne e possono supportare qualsiasi stile di tatuaggio. Rispetto ai classici aghi da tatuaggio, oltre ad essere pi\u00f9 facili da usare, c&#039;\u00e8 anche meno movimento degli aghi durante il tatuaggio, quindi non devi fare altro che goderti la tua perfezione!<br \/>\nCon il sistema di cartucce intelligenti delle cartucce di sicurezza Cheyenne risparmiate tempo, spazio, assicurate un livello di igiene pi\u00f9 elevato e siete consapevoli che ogni singolo modulo \u00e8 assemblato e controllato in Germania.<br \/>\nIn confezione da 20 pz.<br \/>\nProdotto in Germania<\/p>","protected":false},"excerpt":{"rendered":"<h4>Cheyenne Magnum Soft Edge 20 pz<\/h4>\n<p>Cheyenne &#8211; SAFETY CARTRIDGES<br \/>\nCon il sistema di cartucce intelligenti delle cartucce di sicurezza Cheyenne risparmiate tempo, spazio, assicurate un livello di igiene pi\u00f9 elevato e siete consapevoli che ogni singolo modulo \u00e8 assemblato e controllato in Germania.<br \/>\nIn confezione da 20 pz.<\/p>","protected":false},"featured_media":35165,"template":"","meta":{"_seopress_robots_primary_cat":"none","_seopress_titles_title":"CHEYENNE Magnum Soft Edge 20kom","_seopress_titles_desc":"S kartu\u0161nim sistemom safety cartridges prihranite \u010das,prostor,poskrbite za vi\u0161ji nivo higijene in se zavedate,da je vsak posamezni modul sestavljen in pregledan","_seopress_robots_index":""},"product_brand":[],"product_cat":[293,197],"product_tag":[],"class_list":{"0":"post-62720","1":"product","2":"type-product","3":"status-publish","4":"has-post-thumbnail","6":"product_cat-cheyenne-safety-cartridges-20kom","7":"product_cat-igle-za-tetoviranje","8":"entry","9":"has-media","11":"first","12":"instock","13":"sale","14":"taxable","15":"shipping-taxable","16":"purchasable","17":"product-type-variable"},"_links":{"self":[{"href":"https:\/\/www.carantaniatattoo.com\/it\/wp-json\/wp\/v2\/product\/62720","targetHints":{"allow":["GET"]}}],"collection":[{"href":"https:\/\/www.carantaniatattoo.com\/it\/wp-json\/wp\/v2\/product"}],"about":[{"href":"https:\/\/www.carantaniatattoo.com\/it\/wp-json\/wp\/v2\/types\/product"}],"version-history":[{"count":0,"href":"https:\/\/www.carantaniatattoo.com\/it\/wp-json\/wp\/v2\/product\/62720\/revisions"}],"wp:featuredmedia":[{"embeddable":true,"href":"https:\/\/www.carantaniatattoo.com\/it\/wp-json\/wp\/v2\/media\/35165"}],"wp:attachment":[{"href":"https:\/\/www.carantaniatattoo.com\/it\/wp-json\/wp\/v2\/media?parent=62720"}],"wp:term":[{"taxonomy":"product_brand","embeddable":true,"href":"https:\/\/www.carantaniatattoo.com\/it\/wp-json\/wp\/v2\/product_brand?post=62720"},{"taxonomy":"product_cat","embeddable":true,"href":"https:\/\/www.carantaniatattoo.com\/it\/wp-json\/wp\/v2\/product_cat?post=62720"},{"taxonomy":"product_tag","embeddable":true,"href":"https:\/\/www.carantaniatattoo.com\/it\/wp-json\/wp\/v2\/product_tag?post=62720"}],"curies":[{"name":"wp","href":"https:\/\/api.w.org\/{rel}","templated":true}]}}