{"id":62731,"date":"2025-08-26T07:35:40","date_gmt":"2025-08-26T07:35:40","guid":{"rendered":"https:\/\/www.carantaniatattoo.com\/trgovina\/nekategorizirano\/cheyenne-shader-20kom-copy\/"},"modified":"2026-02-23T10:33:12","modified_gmt":"2026-02-23T10:33:12","slug":"cheyenne-shader-20kom-copy","status":"publish","type":"product","link":"https:\/\/www.carantaniatattoo.com\/it\/trgovina\/igle-za-tetoviranje\/cheyenne-safety-cartridges-20kom\/cheyenne-shader-20-pz-2\/","title":{"rendered":"CHEYENNE SAFETY Shader 20kom"},"content":{"rendered":"<h4>Cheyenne Shader 20 pz<\/h4>\n<p>Cheyenne \u2013 CARTUCCE DI SICUREZZA sviluppate appositamente per te. Utilizzando le cartucce Cheyenne, gli unici limiti saranno quelli che ti sarai posto tu! Esistono gi\u00e0 56 configurazioni di cartucce per tatuaggi Cheyenne e possono supportare qualsiasi stile di tatuaggio. Rispetto ai classici aghi da tatuaggio, oltre ad essere pi\u00f9 facili da usare, c&#039;\u00e8 anche meno movimento degli aghi durante il tatuaggio, quindi non ti resta che goderti la tua perfezione! Con il sistema di cartucce intelligenti delle cartucce di sicurezza Cheyenne risparmiate tempo, spazio, assicurate un livello di igiene pi\u00f9 elevato e siete consapevoli che ogni singolo modulo \u00e8 assemblato e controllato in Germania. In confezione da 20 pz.<br \/>\nProdotto in Germania<\/p>","protected":false},"excerpt":{"rendered":"<h4>Cheyenne Shader 20 pz<\/h4>\n<p>S pametnim kartu\u0161nim sistemom Cheyenne safety cartridges prihranite \u010das, prostor, poskrbite za<br \/>\nvi\u0161ji nivo higijene in se zavedate, da je vsak posamezni modul sestavljen in pregledan v Nem\u010diji.<br \/>\nIn confezione da 20 pz.<\/p>","protected":false},"featured_media":35171,"template":"","meta":{"_seopress_robots_primary_cat":"none","_seopress_titles_title":"Cheyenne Shader 20kom - Carantania Tattoo","_seopress_titles_desc":"S kartu\u0161nim sistemom safety cartridges prihranite \u010das,prostor,poskrbite za vi\u0161ji nivo higijene in se zavedate,da je vsak posamezni modul sestavljen in pregledan\r\n","_seopress_robots_index":""},"product_brand":[],"product_cat":[293,197],"product_tag":[],"class_list":{"0":"post-62731","1":"product","2":"type-product","3":"status-publish","4":"has-post-thumbnail","6":"product_cat-cheyenne-safety-cartridges-20kom","7":"product_cat-igle-za-tetoviranje","8":"entry","9":"has-media","11":"first","12":"instock","13":"sale","14":"taxable","15":"shipping-taxable","16":"purchasable","17":"product-type-variable"},"_links":{"self":[{"href":"https:\/\/www.carantaniatattoo.com\/it\/wp-json\/wp\/v2\/product\/62731","targetHints":{"allow":["GET"]}}],"collection":[{"href":"https:\/\/www.carantaniatattoo.com\/it\/wp-json\/wp\/v2\/product"}],"about":[{"href":"https:\/\/www.carantaniatattoo.com\/it\/wp-json\/wp\/v2\/types\/product"}],"version-history":[{"count":0,"href":"https:\/\/www.carantaniatattoo.com\/it\/wp-json\/wp\/v2\/product\/62731\/revisions"}],"wp:featuredmedia":[{"embeddable":true,"href":"https:\/\/www.carantaniatattoo.com\/it\/wp-json\/wp\/v2\/media\/35171"}],"wp:attachment":[{"href":"https:\/\/www.carantaniatattoo.com\/it\/wp-json\/wp\/v2\/media?parent=62731"}],"wp:term":[{"taxonomy":"product_brand","embeddable":true,"href":"https:\/\/www.carantaniatattoo.com\/it\/wp-json\/wp\/v2\/product_brand?post=62731"},{"taxonomy":"product_cat","embeddable":true,"href":"https:\/\/www.carantaniatattoo.com\/it\/wp-json\/wp\/v2\/product_cat?post=62731"},{"taxonomy":"product_tag","embeddable":true,"href":"https:\/\/www.carantaniatattoo.com\/it\/wp-json\/wp\/v2\/product_tag?post=62731"}],"curies":[{"name":"wp","href":"https:\/\/api.w.org\/{rel}","templated":true}]}}