{"id":63149,"date":"2025-09-12T06:46:06","date_gmt":"2025-09-12T06:46:06","guid":{"rendered":"https:\/\/www.carantaniatattoo.com\/?post_type=product&#038;p=63149"},"modified":"2025-09-12T06:57:06","modified_gmt":"2025-09-12T06:57:06","slug":"vadbena-koza-20-x-30-cm","status":"publish","type":"product","link":"https:\/\/www.carantaniatattoo.com\/it\/trgovina\/pripomocki-za-delo\/una-capra-artificiale-2\/vadbena-koza-20-x-30-cm\/","title":{"rendered":"UMETNA KO\u017dA  20 \u00d7 30 CM"},"content":{"rendered":"<p>Nova sinteti\u010dna ko\u017ea, izjemno realisti\u010dna.<br \/>\nDvostranska.<\/p>","protected":false},"excerpt":{"rendered":"<p>Nova sinteti\u010dna ko\u017ea, izjemno realisti\u010dna. Dvostranska.<\/p>","protected":false},"featured_media":63152,"template":"","meta":{"_seopress_robots_primary_cat":"none","_seopress_titles_title":"","_seopress_titles_desc":"","_seopress_robots_index":""},"product_brand":[],"product_cat":[209,230],"product_tag":[],"class_list":{"0":"post-63149","1":"product","2":"type-product","3":"status-publish","4":"has-post-thumbnail","6":"product_cat-pripomocki-za-delo","7":"product_cat-umetna-koza","8":"entry","9":"has-media","11":"first","12":"instock","13":"sale","14":"taxable","15":"shipping-taxable","16":"purchasable","17":"product-type-simple"},"_links":{"self":[{"href":"https:\/\/www.carantaniatattoo.com\/it\/wp-json\/wp\/v2\/product\/63149","targetHints":{"allow":["GET"]}}],"collection":[{"href":"https:\/\/www.carantaniatattoo.com\/it\/wp-json\/wp\/v2\/product"}],"about":[{"href":"https:\/\/www.carantaniatattoo.com\/it\/wp-json\/wp\/v2\/types\/product"}],"version-history":[{"count":0,"href":"https:\/\/www.carantaniatattoo.com\/it\/wp-json\/wp\/v2\/product\/63149\/revisions"}],"wp:featuredmedia":[{"embeddable":true,"href":"https:\/\/www.carantaniatattoo.com\/it\/wp-json\/wp\/v2\/media\/63152"}],"wp:attachment":[{"href":"https:\/\/www.carantaniatattoo.com\/it\/wp-json\/wp\/v2\/media?parent=63149"}],"wp:term":[{"taxonomy":"product_brand","embeddable":true,"href":"https:\/\/www.carantaniatattoo.com\/it\/wp-json\/wp\/v2\/product_brand?post=63149"},{"taxonomy":"product_cat","embeddable":true,"href":"https:\/\/www.carantaniatattoo.com\/it\/wp-json\/wp\/v2\/product_cat?post=63149"},{"taxonomy":"product_tag","embeddable":true,"href":"https:\/\/www.carantaniatattoo.com\/it\/wp-json\/wp\/v2\/product_tag?post=63149"}],"curies":[{"name":"wp","href":"https:\/\/api.w.org\/{rel}","templated":true}]}}