{"id":63319,"date":"2025-09-29T07:27:22","date_gmt":"2025-09-29T07:27:22","guid":{"rendered":"https:\/\/www.carantaniatattoo.com\/?post_type=product&#038;p=63319"},"modified":"2025-10-23T08:16:45","modified_gmt":"2025-10-23T08:16:45","slug":"ink-eeze-green-glide-mazilo-za-tetoviranje-480-ml","status":"publish","type":"product","link":"https:\/\/www.carantaniatattoo.com\/it\/trgovina\/igiene\/za-nego-tattooja\/ink-eeze-green-glide-mazilo-za-tetoviranje-480-ml\/","title":{"rendered":"INK-EEZE Green Glide mazilo za tetoviranje- 480 ml"},"content":{"rendered":"<p>Green Glide je mazilo z vitamini A, C in E. Je primerno za vegane in je na voljo v pakiranjih, stekleni\u010dkah in lon\u010dkih za ve\u010djo priro\u010dnost.<\/p>\n<p>Vsebuje izvle\u010dke sivke, sladkega korena, zelenega \u010daja in granatnega jabolka. Uporablja se lahko med tetoviranjem kot mazilo za la\u017eje drsenje, pa tudi za pomirjanje ko\u017ee in ustvarjanje vla\u017ene pregrade.<\/p>\n<p>Med umetniki INK-EEZE pro-team so Roman Abrego, Mr. Scary, Rick Walters, Opie Ortiz, Clark North, Abey Alvarez, Dominic Vasquez, Nickhole Arcade, Ruthless, Rob Hill, Shaun Kama, James J. Peterson in Halo, da na\u0161tejemo le nekaj!<\/p>","protected":false},"excerpt":{"rendered":"<p>Green Glide je mazilo z vitamini A, C in E. Je primerno za vegane in je na voljo v pakiranjih, stekleni\u010dkah in lon\u010dkih za ve\u010djo priro\u010dnost. Vsebuje izvle\u010dke sivke, sladkega korena, zelenega \u010daja in granatnega jabolka. Uporablja se lahko med tetoviranjem kot mazilo za la\u017eje drsenje, pa tudi za pomirjanje ko\u017ee in ustvarjanje vla\u017ene pregrade. [&hellip;]<\/p>","protected":false},"featured_media":63322,"template":"","meta":{"_seopress_robots_primary_cat":"none","_seopress_titles_title":"","_seopress_titles_desc":"","_seopress_robots_index":""},"product_brand":[],"product_cat":[477,485,243,235],"product_tag":[],"class_list":{"0":"post-63319","1":"product","2":"type-product","3":"status-publish","4":"has-post-thumbnail","6":"product_cat-izpostavljeni-izdelki","7":"product_cat-novosti","8":"product_cat-vazelini","9":"product_cat-za-nego-tattooja","10":"entry","11":"has-media","13":"first","14":"instock","15":"sale","16":"taxable","17":"shipping-taxable","18":"purchasable","19":"product-type-simple"},"_links":{"self":[{"href":"https:\/\/www.carantaniatattoo.com\/it\/wp-json\/wp\/v2\/product\/63319","targetHints":{"allow":["GET"]}}],"collection":[{"href":"https:\/\/www.carantaniatattoo.com\/it\/wp-json\/wp\/v2\/product"}],"about":[{"href":"https:\/\/www.carantaniatattoo.com\/it\/wp-json\/wp\/v2\/types\/product"}],"version-history":[{"count":0,"href":"https:\/\/www.carantaniatattoo.com\/it\/wp-json\/wp\/v2\/product\/63319\/revisions"}],"wp:featuredmedia":[{"embeddable":true,"href":"https:\/\/www.carantaniatattoo.com\/it\/wp-json\/wp\/v2\/media\/63322"}],"wp:attachment":[{"href":"https:\/\/www.carantaniatattoo.com\/it\/wp-json\/wp\/v2\/media?parent=63319"}],"wp:term":[{"taxonomy":"product_brand","embeddable":true,"href":"https:\/\/www.carantaniatattoo.com\/it\/wp-json\/wp\/v2\/product_brand?post=63319"},{"taxonomy":"product_cat","embeddable":true,"href":"https:\/\/www.carantaniatattoo.com\/it\/wp-json\/wp\/v2\/product_cat?post=63319"},{"taxonomy":"product_tag","embeddable":true,"href":"https:\/\/www.carantaniatattoo.com\/it\/wp-json\/wp\/v2\/product_tag?post=63319"}],"curies":[{"name":"wp","href":"https:\/\/api.w.org\/{rel}","templated":true}]}}