{"id":63415,"date":"2025-10-01T07:50:27","date_gmt":"2025-10-01T07:50:27","guid":{"rendered":"https:\/\/www.carantaniatattoo.com\/?post_type=product&#038;p=63415"},"modified":"2025-10-01T07:50:28","modified_gmt":"2025-10-01T07:50:28","slug":"tekoca-silikonska-vadbena-koza-18x14-cm","status":"publish","type":"product","link":"https:\/\/www.carantaniatattoo.com\/it\/trgovina\/pripomocki-za-delo\/una-capra-artificiale-2\/tekoca-silikonska-vadbena-koza-18x14-cm\/","title":{"rendered":"Teko\u010da silikonska vadbena ko\u017ea \u2013 18&#215;14 cm"},"content":{"rendered":"<p data-start=\"34\" data-end=\"104\">Bela sinteti\u010dna vadbena ko\u017ea, izdelana iz zelo mehkega silikona.<\/p>\n<p data-start=\"106\" data-end=\"153\" data-is-last-node=\"\" data-is-only-node=\"\">Velikost: 14 \u00d7 18 cm<br data-start=\"130\" data-end=\"133\" \/>Debelina: 5 mm<\/p>","protected":false},"excerpt":{"rendered":"<p>Bela sinteti\u010dna vadbena ko\u017ea, izdelana iz zelo mehkega silikona. Velikost: 14 \u00d7 18 cmDebelina: 5 mm<\/p>","protected":false},"featured_media":63418,"template":"","meta":{"_seopress_robots_primary_cat":"","_seopress_titles_title":"","_seopress_titles_desc":"","_seopress_robots_index":""},"product_brand":[],"product_cat":[209,230],"product_tag":[],"class_list":{"0":"post-63415","1":"product","2":"type-product","3":"status-publish","4":"has-post-thumbnail","6":"product_cat-pripomocki-za-delo","7":"product_cat-umetna-koza","8":"entry","9":"has-media","11":"first","12":"instock","13":"sale","14":"taxable","15":"shipping-taxable","16":"purchasable","17":"product-type-simple"},"_links":{"self":[{"href":"https:\/\/www.carantaniatattoo.com\/it\/wp-json\/wp\/v2\/product\/63415","targetHints":{"allow":["GET"]}}],"collection":[{"href":"https:\/\/www.carantaniatattoo.com\/it\/wp-json\/wp\/v2\/product"}],"about":[{"href":"https:\/\/www.carantaniatattoo.com\/it\/wp-json\/wp\/v2\/types\/product"}],"version-history":[{"count":0,"href":"https:\/\/www.carantaniatattoo.com\/it\/wp-json\/wp\/v2\/product\/63415\/revisions"}],"wp:featuredmedia":[{"embeddable":true,"href":"https:\/\/www.carantaniatattoo.com\/it\/wp-json\/wp\/v2\/media\/63418"}],"wp:attachment":[{"href":"https:\/\/www.carantaniatattoo.com\/it\/wp-json\/wp\/v2\/media?parent=63415"}],"wp:term":[{"taxonomy":"product_brand","embeddable":true,"href":"https:\/\/www.carantaniatattoo.com\/it\/wp-json\/wp\/v2\/product_brand?post=63415"},{"taxonomy":"product_cat","embeddable":true,"href":"https:\/\/www.carantaniatattoo.com\/it\/wp-json\/wp\/v2\/product_cat?post=63415"},{"taxonomy":"product_tag","embeddable":true,"href":"https:\/\/www.carantaniatattoo.com\/it\/wp-json\/wp\/v2\/product_tag?post=63415"}],"curies":[{"name":"wp","href":"https:\/\/api.w.org\/{rel}","templated":true}]}}