{"id":63433,"date":"2025-10-01T13:29:27","date_gmt":"2025-10-01T13:29:27","guid":{"rendered":"https:\/\/www.carantaniatattoo.com\/?post_type=product&#038;p=63433"},"modified":"2025-10-01T13:29:28","modified_gmt":"2025-10-01T13:29:28","slug":"xtreme-ink-ukiyo-e-traditional-japanese-color-set-10x30ml-eu-reach-compliant","status":"publish","type":"product","link":"https:\/\/www.carantaniatattoo.com\/it\/trgovina\/tattoo-barve-eu\/estrema-inc\/xtreme-ink-ukiyo-e-traditional-japanese-color-set-10x30ml-eu-reach-compliant\/","title":{"rendered":"Xtreme Ink &#8211; Ukiyo-e Traditional Japanese Color Set &#8211; 10x30ml ( Eu Reach Compliant)"},"content":{"rendered":"<p>INCHIOSTRO ESTREMA<br \/>\nZahvaljujo\u010d bogatim izku\u0161njam na podro\u010dju oblikovanja in proizvodnje pigmentov za tetoviranje, Xtreme proizvaja vrhunska \u010drnila, ki so varnej\u0161a za uporabnike in okolje. Xtreme Ink je bil razvit v skladu z najnovej\u0161imi predpisi Evropske unije REACH.<\/p>\n<p>FORMULA, SKLADNA Z REACH<br \/>\nPoslanstvo Xtreme Ink je preprosto: storiti vse, kar je mogo\u010de, da se izbolj\u0161a doseg, u\u010dinkovitost in varnost tetova\u017ene industrije. Zahvaljujo\u010d bogatim izku\u0161njam pri oblikovanju in proizvodnji tetova\u017enih \u010drnil, proizvajajo \u010drnila vrhunske kakovosti, ki so varnej\u0161a za stranke in okolje. Xtreme Ink je bil razvit v skladu z najnovej\u0161imi predpisi REACH Evropske unije.<\/p>\n<p>XTREME INK \u2013 BARVE, KI ZMOREJO VE\u010c<br \/>\nBarve za tetoviranje Xtreme se odlikujejo po brezhibni dostavi, kar pomeni, da njihova viskoznost omogo\u010da razpr\u0161itev iz katere koli standardne tetovirne naprave, da se gladko in u\u010dinkovito vpijejo v ko\u017eo. Zaradi tega se tetova\u017ee, narejene z barvami Xtreme, celijo veliko hitreje kot tetova\u017ee, narejene z drugimi pigmenti na trgu.<\/p>\n<p>NAJLEP\u0160A BARVA NA TRGU<br \/>\nBarve Xtreme Ink so zasnovane tako, da zagotavljajo celovito paleto tonov, hkrati pa so odli\u010dne za me\u0161anje, kar omogo\u010da \u0161e ve\u010dje mo\u017enosti raziskovanja barv. Poleg tega so veganske in niso testirane na \u017eivalih.<\/p>\n<p>Barve v kompletu:<br \/>\nSalmon Roe<br \/>\nYellow Blaze<br \/>\nDaruma<br \/>\nRising Sun<br \/>\nGreen Tea<br \/>\nMoss Garden<br \/>\nSuicide Forest<br \/>\nKimono<br \/>\nGodzilla<br \/>\nJapanese Maple<\/p>","protected":false},"excerpt":{"rendered":"<p>XTREME INK Zahvaljujo\u010d bogatim izku\u0161njam na podro\u010dju oblikovanja in proizvodnje pigmentov za tetoviranje, Xtreme proizvaja vrhunska \u010drnila, ki so varnej\u0161a za uporabnike in okolje. Xtreme Ink je bil razvit v skladu z najnovej\u0161imi predpisi Evropske unije REACH. FORMULA, SKLADNA Z REACH Poslanstvo Xtreme Ink je preprosto: storiti vse, kar je mogo\u010de, da se izbolj\u0161a doseg, [&hellip;]<\/p>","protected":false},"featured_media":63436,"template":"","meta":{"_seopress_robots_primary_cat":"","_seopress_titles_title":"","_seopress_titles_desc":"","_seopress_robots_index":""},"product_brand":[],"product_cat":[194,477,493,516],"product_tag":[],"class_list":{"0":"post-63433","1":"product","2":"type-product","3":"status-publish","4":"has-post-thumbnail","6":"product_cat-akcija","7":"product_cat-izpostavljeni-izdelki","8":"product_cat-tattoo-barve-eu","9":"product_cat-xtreme-ink","10":"entry","11":"has-media","13":"first","14":"instock","15":"sale","16":"taxable","17":"shipping-taxable","18":"purchasable","19":"product-type-simple"},"_links":{"self":[{"href":"https:\/\/www.carantaniatattoo.com\/it\/wp-json\/wp\/v2\/product\/63433","targetHints":{"allow":["GET"]}}],"collection":[{"href":"https:\/\/www.carantaniatattoo.com\/it\/wp-json\/wp\/v2\/product"}],"about":[{"href":"https:\/\/www.carantaniatattoo.com\/it\/wp-json\/wp\/v2\/types\/product"}],"version-history":[{"count":0,"href":"https:\/\/www.carantaniatattoo.com\/it\/wp-json\/wp\/v2\/product\/63433\/revisions"}],"wp:featuredmedia":[{"embeddable":true,"href":"https:\/\/www.carantaniatattoo.com\/it\/wp-json\/wp\/v2\/media\/63436"}],"wp:attachment":[{"href":"https:\/\/www.carantaniatattoo.com\/it\/wp-json\/wp\/v2\/media?parent=63433"}],"wp:term":[{"taxonomy":"product_brand","embeddable":true,"href":"https:\/\/www.carantaniatattoo.com\/it\/wp-json\/wp\/v2\/product_brand?post=63433"},{"taxonomy":"product_cat","embeddable":true,"href":"https:\/\/www.carantaniatattoo.com\/it\/wp-json\/wp\/v2\/product_cat?post=63433"},{"taxonomy":"product_tag","embeddable":true,"href":"https:\/\/www.carantaniatattoo.com\/it\/wp-json\/wp\/v2\/product_tag?post=63433"}],"curies":[{"name":"wp","href":"https:\/\/api.w.org\/{rel}","templated":true}]}}