{"id":64493,"date":"2025-10-26T18:11:06","date_gmt":"2025-10-26T18:11:06","guid":{"rendered":"https:\/\/www.carantaniatattoo.com\/?post_type=product&#038;p=64493"},"modified":"2026-02-03T08:53:39","modified_gmt":"2026-02-03T08:53:39","slug":"proton-koncentrirano-milo-1000-ml","status":"publish","type":"product","link":"https:\/\/www.carantaniatattoo.com\/it\/trgovina\/igiene\/mila\/proton-koncentrirano-milo-1000-ml\/","title":{"rendered":"Proton koncentrirano milo &#8211; 1000 ml"},"content":{"rendered":"<p>Proton Soap Concentrate je profesionalno milo, zasnovano za temeljito \u010di\u0161\u010denje in nego ko\u017ee med tetoviranjem. Visoka koncentracija zagotavlja u\u010dinkovito delovanje, hkrati pa pomaga ohranjati vla\u017enost ko\u017ee in zmanj\u0161ati ob\u010dutljivost.<\/p>\n<p>Klju\u010dne sestavine in prednosti<\/p>\n<p>Glicerin, pantenol, alantoin in aloe vera \u2013 me\u0161anica aktivnih sestavin, ki ko\u017eo o\u010distijo, navla\u017eijo in negujejo.<br \/>\nLahka metina di\u0161ava \u2013 zagotavlja sve\u017e vonj, ki izbolj\u0161a izku\u0161njo tako za tetovatorja kot za stranko.<br \/>\nZa\u0161\u010ditni u\u010dinek \u2013 tvori lahkotno plast, ki pomaga prepre\u010diti izsu\u0161itev, ki izgine, ko se vpije, in tako ne moti procesa tetoviranja.<br \/>\nVisoko u\u010dinkovit koncentrat<\/p>\n<p>Priporo\u010deno razred\u010denje \u2013 med 1\/10 in 2\/10, odvisno od \u017eelene intenzivnosti.<br \/>\nMaksimalna u\u010dinkovitost \u2013 1 liter koncentrata zadostuje za 10 litrov pripravljene raztopine.<br \/>\nKakovost in varnost<\/p>\n<p>100 % veganski in brez parabenov \u2013 varen za ko\u017eo in okolje.<br \/>\nProizveden v \u0160paniji \u2013 proizveden v skladu z najvi\u0161jimi standardi kakovosti.<br \/>\nPreizku\u0161en in odobren s strani vrhunskih mednarodnih tetovatorjev \u2013 cenjen zaradi svoje u\u010dinkovitosti in profesionalne kakovosti.<br \/>\nZdru\u017eljiv z razpr\u0161ilniki in penastimi razpr\u0161ilniki, prilagojen razli\u010dnim tehnikam nana\u0161anja.<\/p>\n<p>Vsebina: 1000 ml \/ 33,8 oz<\/p>","protected":false},"excerpt":{"rendered":"<p>Proton Soap Concentrate je profesionalno milo, zasnovano za temeljito \u010di\u0161\u010denje in nego ko\u017ee med tetoviranjem. Visoka koncentracija zagotavlja u\u010dinkovito delovanje, hkrati pa pomaga ohranjati vla\u017enost ko\u017ee in zmanj\u0161ati ob\u010dutljivost. Klju\u010dne sestavine in prednosti Glicerin, pantenol, alantoin in aloe vera \u2013 me\u0161anica aktivnih sestavin, ki ko\u017eo o\u010distijo, navla\u017eijo in negujejo. Lahka metina di\u0161ava \u2013 zagotavlja sve\u017e [&hellip;]<\/p>","protected":false},"featured_media":64496,"template":"","meta":{"_seopress_robots_primary_cat":"","_seopress_titles_title":"","_seopress_titles_desc":"","_seopress_robots_index":""},"product_brand":[],"product_cat":[206,477,239,485],"product_tag":[],"class_list":{"0":"post-64493","1":"product","2":"type-product","3":"status-publish","4":"has-post-thumbnail","6":"product_cat-higiena","7":"product_cat-izpostavljeni-izdelki","8":"product_cat-mila","9":"product_cat-novosti","10":"entry","11":"has-media","13":"first","14":"instock","15":"sale","16":"taxable","17":"shipping-taxable","18":"purchasable","19":"product-type-variable"},"_links":{"self":[{"href":"https:\/\/www.carantaniatattoo.com\/it\/wp-json\/wp\/v2\/product\/64493","targetHints":{"allow":["GET"]}}],"collection":[{"href":"https:\/\/www.carantaniatattoo.com\/it\/wp-json\/wp\/v2\/product"}],"about":[{"href":"https:\/\/www.carantaniatattoo.com\/it\/wp-json\/wp\/v2\/types\/product"}],"version-history":[{"count":0,"href":"https:\/\/www.carantaniatattoo.com\/it\/wp-json\/wp\/v2\/product\/64493\/revisions"}],"wp:featuredmedia":[{"embeddable":true,"href":"https:\/\/www.carantaniatattoo.com\/it\/wp-json\/wp\/v2\/media\/64496"}],"wp:attachment":[{"href":"https:\/\/www.carantaniatattoo.com\/it\/wp-json\/wp\/v2\/media?parent=64493"}],"wp:term":[{"taxonomy":"product_brand","embeddable":true,"href":"https:\/\/www.carantaniatattoo.com\/it\/wp-json\/wp\/v2\/product_brand?post=64493"},{"taxonomy":"product_cat","embeddable":true,"href":"https:\/\/www.carantaniatattoo.com\/it\/wp-json\/wp\/v2\/product_cat?post=64493"},{"taxonomy":"product_tag","embeddable":true,"href":"https:\/\/www.carantaniatattoo.com\/it\/wp-json\/wp\/v2\/product_tag?post=64493"}],"curies":[{"name":"wp","href":"https:\/\/api.w.org\/{rel}","templated":true}]}}